{"id":2596,"date":"2025-06-03T14:49:32","date_gmt":"2025-06-03T07:49:32","guid":{"rendered":"https:\/\/kproz.id.vn\/?post_type=product&#038;p=2596"},"modified":"2025-06-03T14:50:20","modified_gmt":"2025-06-03T07:50:20","slug":"flycam-sjrc-f22-s3-pro-gimbal-3-truc-camera-4k-moi-nhat-2024","status":"publish","type":"product","link":"https:\/\/kproz.id.vn\/?product=flycam-sjrc-f22-s3-pro-gimbal-3-truc-camera-4k-moi-nhat-2024","title":{"rendered":"Flycam SJRC F22 S3 Pro Gimbal 3 Tr\u1ee5c Camera 4K m\u1edbi nh\u1ea5t 2024"},"content":{"rendered":"<p><img decoding=\"async\" src=\"https:\/\/jola.vn\/cdn\/720\/Product\/7j5q6439t\/flycam-sjrc-f22-s3-pro.jpg\" alt=\"Flycam SJRC F22 S3 Pro Gimbal 3 Tr\u1ee5c Camera 4K m\u1edbi nh\u1ea5t 2024\" \/><img decoding=\"async\" src=\"https:\/\/jola.vn\/cdn\/720\/Product\/7j5q6439t\/flycam-f22-s3-pro-new.jpg\" alt=\"Flycam SJRC F22 S3 Pro Gimbal 3 Tr\u1ee5c Camera 4K m\u1edbi nh\u1ea5t 2024\" \/><img decoding=\"async\" src=\"https:\/\/jola.vn\/cdn\/720\/Product\/7j5q6439t\/a.jpg\" alt=\"Flycam SJRC F22 S3 Pro Gimbal 3 Tr\u1ee5c Camera 4K m\u1edbi nh\u1ea5t 2024\" \/><\/p>\n","protected":false},"excerpt":{"rendered":"<p>Flycam F22 S3 Pro \u0111\u01b0\u1ee3c trang b\u1ecb gimbal ch\u1ed1ng rung 3 tr\u1ee5c gi\u00fap gi\u1eef h\u00ecnh \u1ea3nh \u1ed5n \u0111\u1ecbnh v\u00e0 m\u01b0\u1ee3t m\u00e0, ch\u1ea5t l\u01b0\u1ee3ng quay video 4k\/30fps chi ti\u1ebft v\u00e0 s\u1eafc n\u00e9t \u0111\u00e1p \u1ee9ng t\u1ed1t cho nhu c\u1ea7u quay c\u00f4ng vi\u1ec7c. Th\u1eddi gian bay l\u00ean \u0111\u1ebfn g\u1ea7n 40 ph\u00fat v\u00e0 ph\u1ea1m vi bay xa \u0111\u1ebfn 6km l\u00e0 c\u00e1c th\u00f4ng s\u1ed1 bay c\u1ef1c k\u1ef3 tho\u1ea3i m\u00e1i gi\u00fap cho ng\u01b0\u1eddi ch\u01a1i c\u00f3 tr\u1ea3i nghi\u1ec7m bay t\u1ed1t.<\/p>\n","protected":false},"featured_media":2597,"comment_status":"closed","ping_status":"closed","template":"","meta":{"om_disable_all_campaigns":false,"_uag_custom_page_level_css":"","_monsterinsights_skip_tracking":false,"_monsterinsights_sitenote_active":false,"_monsterinsights_sitenote_note":"","_monsterinsights_sitenote_category":0,"_uf_show_specific_survey":0,"_uf_disable_surveys":false},"product_brand":[],"product_cat":[35],"product_tag":[],"class_list":{"0":"post-2596","1":"product","2":"type-product","3":"status-publish","4":"has-post-thumbnail","6":"product_cat-flycam","8":"first","9":"instock","10":"sale","11":"shipping-taxable","12":"purchasable","13":"product-type-simple"},"aioseo_notices":[],"uagb_featured_image_src":{"full":["https:\/\/kproz.id.vn\/wp-content\/uploads\/2025\/06\/fl11.avif",1000,1000,false],"thumbnail":["https:\/\/kproz.id.vn\/wp-content\/uploads\/2025\/06\/fl11-150x150.avif",150,150,true],"medium":["https:\/\/kproz.id.vn\/wp-content\/uploads\/2025\/06\/fl11-300x300.avif",300,300,true],"medium_large":["https:\/\/kproz.id.vn\/wp-content\/uploads\/2025\/06\/fl11-768x768.avif",768,768,true],"large":["https:\/\/kproz.id.vn\/wp-content\/uploads\/2025\/06\/fl11.avif",1000,1000,false],"1536x1536":["https:\/\/kproz.id.vn\/wp-content\/uploads\/2025\/06\/fl11.avif",1000,1000,false],"2048x2048":["https:\/\/kproz.id.vn\/wp-content\/uploads\/2025\/06\/fl11.avif",1000,1000,false],"woocommerce_thumbnail":["https:\/\/kproz.id.vn\/wp-content\/uploads\/2025\/06\/fl11-247x296.avif",247,296,true],"woocommerce_single":["https:\/\/kproz.id.vn\/wp-content\/uploads\/2025\/06\/fl11-510x510.avif",510,510,true],"woocommerce_gallery_thumbnail":["https:\/\/kproz.id.vn\/wp-content\/uploads\/2025\/06\/fl11-100x100.avif",100,100,true]},"uagb_author_info":{"display_name":"admin","author_link":"https:\/\/kproz.id.vn\/?author=0"},"uagb_comment_info":0,"uagb_excerpt":"Flycam F22 S3 Pro \u0111\u01b0\u1ee3c trang b\u1ecb gimbal ch\u1ed1ng rung 3 tr\u1ee5c gi\u00fap gi\u1eef h\u00ecnh \u1ea3nh \u1ed5n \u0111\u1ecbnh v\u00e0 m\u01b0\u1ee3t m\u00e0, ch\u1ea5t l\u01b0\u1ee3ng quay video 4k\/30fps chi ti\u1ebft v\u00e0 s\u1eafc n\u00e9t \u0111\u00e1p \u1ee9ng t\u1ed1t cho nhu c\u1ea7u quay c\u00f4ng vi\u1ec7c. Th\u1eddi gian bay l\u00ean \u0111\u1ebfn g\u1ea7n 40 ph\u00fat v\u00e0 ph\u1ea1m vi bay xa \u0111\u1ebfn 6km&hellip;","_links":{"self":[{"href":"https:\/\/kproz.id.vn\/index.php?rest_route=\/wp\/v2\/product\/2596","targetHints":{"allow":["GET"]}}],"collection":[{"href":"https:\/\/kproz.id.vn\/index.php?rest_route=\/wp\/v2\/product"}],"about":[{"href":"https:\/\/kproz.id.vn\/index.php?rest_route=\/wp\/v2\/types\/product"}],"replies":[{"embeddable":true,"href":"https:\/\/kproz.id.vn\/index.php?rest_route=%2Fwp%2Fv2%2Fcomments&post=2596"}],"wp:featuredmedia":[{"embeddable":true,"href":"https:\/\/kproz.id.vn\/index.php?rest_route=\/wp\/v2\/media\/2597"}],"wp:attachment":[{"href":"https:\/\/kproz.id.vn\/index.php?rest_route=%2Fwp%2Fv2%2Fmedia&parent=2596"}],"wp:term":[{"taxonomy":"product_brand","embeddable":true,"href":"https:\/\/kproz.id.vn\/index.php?rest_route=%2Fwp%2Fv2%2Fproduct_brand&post=2596"},{"taxonomy":"product_cat","embeddable":true,"href":"https:\/\/kproz.id.vn\/index.php?rest_route=%2Fwp%2Fv2%2Fproduct_cat&post=2596"},{"taxonomy":"product_tag","embeddable":true,"href":"https:\/\/kproz.id.vn\/index.php?rest_route=%2Fwp%2Fv2%2Fproduct_tag&post=2596"}],"curies":[{"name":"wp","href":"https:\/\/api.w.org\/{rel}","templated":true}]}}