{"id":2594,"date":"2025-06-03T14:44:51","date_gmt":"2025-06-03T07:44:51","guid":{"rendered":"https:\/\/kproz.id.vn\/?post_type=product&#038;p=2594"},"modified":"2025-06-03T14:51:00","modified_gmt":"2025-06-03T07:51:00","slug":"2594","status":"publish","type":"product","link":"https:\/\/kproz.id.vn\/?product=2594","title":{"rendered":"Flycam C &#8211; Fly Faith Mini 2 camera 4K gimbal 3 tr\u1ee5c \u2013 bay 5Km"},"content":{"rendered":"<p><img decoding=\"async\" src=\"https:\/\/jola.vn\/cdn\/720\/Product\/KYe23q2L0\/bnnn.jpg\" alt=\"Flycam C - Fly Faith Mini 2 camera 4K gimbal 3 tr\u1ee5c \u2013 bay 5Km\" \/><img decoding=\"async\" src=\"https:\/\/jola.vn\/cdn\/720\/Product\/KYe23q2L0\/jmg.jpg\" alt=\"Flycam C - Fly Faith Mini 2 camera 4K gimbal 3 tr\u1ee5c \u2013 bay 5Km\" \/><img decoding=\"async\" src=\"https:\/\/jola.vn\/cdn\/720\/Product\/KYe23q2L0\/vcbnfvhdf.jpg\" alt=\"Flycam C - Fly Faith Mini 2 camera 4K gimbal 3 tr\u1ee5c \u2013 bay 5Km\" \/><\/p>\n","protected":false},"excerpt":{"rendered":"<p>Flycam Cfly Faith Mini 2 l\u00e0 chi\u1ebfc flycam c\u1ea3i ti\u1ebfn v\u00e0 n\u00e2ng c\u1ea5p l\u00ean t\u1eeb chi\u1ebfc flycam b\u1ea3n tr\u01b0\u1edbc \u0111\u00f3 l\u00e0 Faith Mini. \u0110\u00e2y l\u00e0 chi\u1ebfc flycam \u0111\u01b0\u1ee3c trang b\u1ecb camera v\u1edbi gimbal ch\u1ed1ng rung 3 tr\u1ee5c, c\u00f3 th\u00eam c\u1ea3m bi\u1ebfn h\u00ecnh \u1ea3nh Cmos 1\/2.6 inch v\u00e0 m\u1ed9t c\u00f4ng ngh\u1ec7 truy\u1ec1n s\u00f3ng m\u1edbi cho ph\u1ea1m vi bay r\u1ed9ng \u0111\u1ebfn 5km. \u0110\u00e2y l\u00e0 chi\u1ebfc flycam mini 249 gram ch\u1ea5t l\u01b0\u1ee3ng trong ph\u00e2n kh\u00fac gi\u00e1 d\u01b0\u1edbi 5 tri\u1ec7u hi\u1ec7n nay.<\/p>\n","protected":false},"featured_media":2595,"comment_status":"closed","ping_status":"closed","template":"","meta":{"om_disable_all_campaigns":false,"_uag_custom_page_level_css":"","_monsterinsights_skip_tracking":false,"_monsterinsights_sitenote_active":false,"_monsterinsights_sitenote_note":"","_monsterinsights_sitenote_category":0,"_uf_show_specific_survey":0,"_uf_disable_surveys":false},"product_brand":[],"product_cat":[35],"product_tag":[],"class_list":{"0":"post-2594","1":"product","2":"type-product","3":"status-publish","4":"has-post-thumbnail","6":"product_cat-flycam","8":"first","9":"instock","10":"sale","11":"shipping-taxable","12":"purchasable","13":"product-type-simple"},"aioseo_notices":[],"uagb_featured_image_src":{"full":["https:\/\/kproz.id.vn\/wp-content\/uploads\/2025\/06\/fl10.jpg",2560,2560,false],"thumbnail":["https:\/\/kproz.id.vn\/wp-content\/uploads\/2025\/06\/fl10-150x150.jpg",150,150,true],"medium":["https:\/\/kproz.id.vn\/wp-content\/uploads\/2025\/06\/fl10-300x300.jpg",300,300,true],"medium_large":["https:\/\/kproz.id.vn\/wp-content\/uploads\/2025\/06\/fl10-768x768.jpg",768,768,true],"large":["https:\/\/kproz.id.vn\/wp-content\/uploads\/2025\/06\/fl10-1024x1024.jpg",1020,1020,true],"1536x1536":["https:\/\/kproz.id.vn\/wp-content\/uploads\/2025\/06\/fl10-1536x1536.jpg",1536,1536,true],"2048x2048":["https:\/\/kproz.id.vn\/wp-content\/uploads\/2025\/06\/fl10-2048x2048.jpg",2048,2048,true],"woocommerce_thumbnail":["https:\/\/kproz.id.vn\/wp-content\/uploads\/2025\/06\/fl10-247x296.jpg",247,296,true],"woocommerce_single":["https:\/\/kproz.id.vn\/wp-content\/uploads\/2025\/06\/fl10-510x510.jpg",510,510,true],"woocommerce_gallery_thumbnail":["https:\/\/kproz.id.vn\/wp-content\/uploads\/2025\/06\/fl10-100x100.jpg",100,100,true]},"uagb_author_info":{"display_name":"admin","author_link":"https:\/\/kproz.id.vn\/?author=0"},"uagb_comment_info":0,"uagb_excerpt":"Flycam Cfly Faith Mini 2 l\u00e0 chi\u1ebfc flycam c\u1ea3i ti\u1ebfn v\u00e0 n\u00e2ng c\u1ea5p l\u00ean t\u1eeb chi\u1ebfc flycam b\u1ea3n tr\u01b0\u1edbc \u0111\u00f3 l\u00e0 Faith Mini. \u0110\u00e2y l\u00e0 chi\u1ebfc flycam \u0111\u01b0\u1ee3c trang b\u1ecb camera v\u1edbi gimbal ch\u1ed1ng rung 3 tr\u1ee5c, c\u00f3 th\u00eam c\u1ea3m bi\u1ebfn h\u00ecnh \u1ea3nh Cmos 1\/2.6 inch v\u00e0 m\u1ed9t c\u00f4ng ngh\u1ec7 truy\u1ec1n s\u00f3ng m\u1edbi cho ph\u1ea1m&hellip;","_links":{"self":[{"href":"https:\/\/kproz.id.vn\/index.php?rest_route=\/wp\/v2\/product\/2594","targetHints":{"allow":["GET"]}}],"collection":[{"href":"https:\/\/kproz.id.vn\/index.php?rest_route=\/wp\/v2\/product"}],"about":[{"href":"https:\/\/kproz.id.vn\/index.php?rest_route=\/wp\/v2\/types\/product"}],"replies":[{"embeddable":true,"href":"https:\/\/kproz.id.vn\/index.php?rest_route=%2Fwp%2Fv2%2Fcomments&post=2594"}],"wp:featuredmedia":[{"embeddable":true,"href":"https:\/\/kproz.id.vn\/index.php?rest_route=\/wp\/v2\/media\/2595"}],"wp:attachment":[{"href":"https:\/\/kproz.id.vn\/index.php?rest_route=%2Fwp%2Fv2%2Fmedia&parent=2594"}],"wp:term":[{"taxonomy":"product_brand","embeddable":true,"href":"https:\/\/kproz.id.vn\/index.php?rest_route=%2Fwp%2Fv2%2Fproduct_brand&post=2594"},{"taxonomy":"product_cat","embeddable":true,"href":"https:\/\/kproz.id.vn\/index.php?rest_route=%2Fwp%2Fv2%2Fproduct_cat&post=2594"},{"taxonomy":"product_tag","embeddable":true,"href":"https:\/\/kproz.id.vn\/index.php?rest_route=%2Fwp%2Fv2%2Fproduct_tag&post=2594"}],"curies":[{"name":"wp","href":"https:\/\/api.w.org\/{rel}","templated":true}]}}