{"id":2568,"date":"2025-05-31T23:06:27","date_gmt":"2025-05-31T16:06:27","guid":{"rendered":"https:\/\/kproz.id.vn\/?post_type=product&#038;p=2568"},"modified":"2025-05-31T23:06:36","modified_gmt":"2025-05-31T16:06:36","slug":"cano-sr65-dieu-khien-tu-xa","status":"publish","type":"product","link":"https:\/\/kproz.id.vn\/?product=cano-sr65-dieu-khien-tu-xa","title":{"rendered":"Cano SR65 \u0111i\u00ea\u0300u khi\u00ea\u0309n t\u1eeb xa"},"content":{"rendered":"<p><img fetchpriority=\"high\" decoding=\"async\" class=\"alignnone size-full wp-image-2569\" src=\"https:\/\/kproz.id.vn\/wp-content\/uploads\/2025\/05\/cn2.jpg\" alt=\"\" width=\"1000\" height=\"1000\" srcset=\"https:\/\/kproz.id.vn\/wp-content\/uploads\/2025\/05\/cn2.jpg 1000w, https:\/\/kproz.id.vn\/wp-content\/uploads\/2025\/05\/cn2-300x300.jpg 300w, https:\/\/kproz.id.vn\/wp-content\/uploads\/2025\/05\/cn2-150x150.jpg 150w, https:\/\/kproz.id.vn\/wp-content\/uploads\/2025\/05\/cn2-768x768.jpg 768w, https:\/\/kproz.id.vn\/wp-content\/uploads\/2025\/05\/cn2-510x510.jpg 510w, https:\/\/kproz.id.vn\/wp-content\/uploads\/2025\/05\/cn2-100x100.jpg 100w\" sizes=\"(max-width: 1000px) 100vw, 1000px\" \/><\/p>\n","protected":false},"excerpt":{"rendered":"<header id=\"header\" class=\"header has-sticky sticky-jump\">\n<div class=\"header-wrapper stuck\">\n<div id=\"top-bar\" class=\"header-top nav-dark\">\n<div class=\"flex-row container\">\n<div class=\"flex-col hide-for-medium flex-right\">\n<ul class=\"nav top-bar-nav nav-right nav-small  nav-pills\">\n<li class=\"html header-social-icons ml-0\">\n<div class=\"social-icons follow-icons\"><\/div>\n<\/li>\n<\/ul>\n<\/div>\n<\/div>\n<\/div>\n<div class=\"header-bg-container fill\">\n<div class=\"header-bg-image fill\"><\/div>\n<div class=\"header-bg-color fill\"><\/div>\n<\/div>\n<\/div>\n<\/header>\n<p><main id=\"main\" class=\"\"><\/p>\n<div class=\"shop-container\">\n<div class=\"container\">\n<div class=\"woocommerce-notices-wrapper\"><\/div>\n<\/div>\n<div id=\"product-2973\" class=\"product type-product post-2973 status-publish first instock product_cat-do-choi-dieu-khien product_tag-cano-dieu-khien-tu-xa product_tag-pnp product_tag-sr65 product_tag-volantex-vector-sr65 has-post-thumbnail shipping-taxable purchasable product-type-simple\">\n<div class=\"product-container\">\n<div class=\"product-main\">\n<div class=\"row mb-0 content-row\">\n<div class=\"product-gallery large-5 col\">\n<div class=\"product-images relative mb-half has-hover woocommerce-product-gallery woocommerce-product-gallery--with-images woocommerce-product-gallery--columns-4 images\" data-columns=\"4\">\n<div class=\"image-tools absolute top show-on-hover right z-3\"><\/div>\n<figure class=\"woocommerce-product-gallery__wrapper product-gallery-slider slider slider-nav-small mb-half has-image-zoom flickity-enabled is-draggable slider-lazy-load-active\" tabindex=\"0\" data-flickity-options=\"{\n                &quot;cellAlign&quot;: &quot;center&quot;,\n                &quot;wrapAround&quot;: true,\n                &quot;autoPlay&quot;: false,\n                &quot;prevNextButtons&quot;:true,\n                &quot;adaptiveHeight&quot;: true,\n                &quot;imagesLoaded&quot;: true,\n                &quot;lazyLoad&quot;: 1,\n                &quot;dragThreshold&quot; : 15,\n                &quot;pageDots&quot;: false,\n                &quot;rightToLeft&quot;: false       }\"><\/p>\n<div class=\"flickity-viewport\">\n<div class=\"flickity-slider\">\n<div class=\"woocommerce-product-gallery__image slide first is-selected\" data-thumb=\"https:\/\/daiviet-hobby.com\/wp-content\/uploads\/2023\/07\/Cano-sr65-15-100x100.jpg\" aria-selected=\"true\"><a href=\"https:\/\/daiviet-hobby.com\/wp-content\/uploads\/2023\/07\/Cano-sr65-15.jpg\"><img decoding=\"async\" class=\"wp-post-image skip-lazy lazy-load-active\" title=\"Cano SR65 \u0111i\u00ea\u0300u khi\u00ea\u0309n t\u1eeb xa Volantex Vector SR65 (792-5) PNP  T\u00e0u, thuy\u1ec1n, xu\u1ed3ng SR-65 RC SI\u00caU R\u1eba B\u1ea3n PNP\" src=\"https:\/\/daiviet-hobby.com\/wp-content\/uploads\/2023\/07\/Cano-sr65-15.jpg\" sizes=\"(max-width: 600px) 100vw, 600px\" srcset=\"https:\/\/daiviet-hobby.com\/wp-content\/uploads\/2023\/07\/Cano-sr65-15-600x600.jpg 600w, https:\/\/daiviet-hobby.com\/wp-content\/uploads\/2023\/07\/Cano-sr65-15-300x300.jpg 300w, https:\/\/daiviet-hobby.com\/wp-content\/uploads\/2023\/07\/Cano-sr65-15-150x150.jpg 150w, https:\/\/daiviet-hobby.com\/wp-content\/uploads\/2023\/07\/Cano-sr65-15-768x768.jpg 768w, https:\/\/daiviet-hobby.com\/wp-content\/uploads\/2023\/07\/Cano-sr65-15-100x100.jpg 100w, https:\/\/daiviet-hobby.com\/wp-content\/uploads\/2023\/07\/Cano-sr65-15.jpg 800w\" alt=\"Cano SR65 \u0111i\u00ea\u0300u khi\u00ea\u0309n t\u1eeb xa Volantex Vector SR65 (792-5) PNP T\u00e0u, thuy\u1ec1n, xu\u1ed3ng SR-65 RC SI\u00caU R\u1eba B\u1ea3n PNP\" width=\"600\" height=\"600\" data-caption=\"Cano SR65 \u0111i\u00ea\u0300u khi\u00ea\u0309n t\u1eeb xa Volantex Vector SR65 (792-5) PNP  T\u00e0u, thuy\u1ec1n, xu\u1ed3ng SR-65 RC SI\u00caU R\u1eba B\u1ea3n PNP\" data-src=\"https:\/\/daiviet-hobby.com\/wp-content\/uploads\/2023\/07\/Cano-sr65-15.jpg\" data-large_image=\"https:\/\/daiviet-hobby.com\/wp-content\/uploads\/2023\/07\/Cano-sr65-15.jpg\" data-large_image_width=\"800\" data-large_image_height=\"800\" data-srcset=\"https:\/\/daiviet-hobby.com\/wp-content\/uploads\/2023\/07\/Cano-sr65-15-600x600.jpg 600w, https:\/\/daiviet-hobby.com\/wp-content\/uploads\/2023\/07\/Cano-sr65-15-300x300.jpg 300w, https:\/\/daiviet-hobby.com\/wp-content\/uploads\/2023\/07\/Cano-sr65-15-150x150.jpg 150w, https:\/\/daiviet-hobby.com\/wp-content\/uploads\/2023\/07\/Cano-sr65-15-768x768.jpg 768w, https:\/\/daiviet-hobby.com\/wp-content\/uploads\/2023\/07\/Cano-sr65-15-100x100.jpg 100w, https:\/\/daiviet-hobby.com\/wp-content\/uploads\/2023\/07\/Cano-sr65-15.jpg 800w\" \/><\/a><\/div>\n<div class=\"woocommerce-product-gallery__image slide\" data-thumb=\"https:\/\/daiviet-hobby.com\/wp-content\/uploads\/2023\/07\/Cano-sr65-18-100x100.jpg\" aria-selected=\"false\"><a href=\"https:\/\/daiviet-hobby.com\/wp-content\/uploads\/2023\/07\/Cano-sr65-18.jpg\"><img decoding=\"async\" class=\"lazy-load skip-lazy\" title=\"Cano SR65 \u0111i\u00ea\u0300u khi\u00ea\u0309n t\u1eeb xa Volantex Vector SR65 (792-5) PNP  T\u00e0u, thuy\u1ec1n, xu\u1ed3ng SR-65 RC SI\u00caU R\u1eba B\u1ea3n PNP\" src=\"data:;base64,<svg viewBox=\"0 0 444 444\" xmlns=\"http:\/\/www.w3.org\/2000\/svg\"><\/svg>&#8221; sizes=&#8221;(max-width: 444px) 100vw, 444px&#8221; srcset=&#8221;&#8221; alt=&#8221;Cano SR65 \u0111i\u00ea\u0300u khi\u00ea\u0309n t\u1eeb xa Volantex Vector SR65 (792-5) PNP T\u00e0u, thuy\u1ec1n, xu\u1ed3ng SR-65 RC SI\u00caU R\u1eba B\u1ea3n PNP&#8221; width=&#8221;444&#8243; height=&#8221;444&#8243; data-caption=&#8221;Cano SR65 \u0111i\u00ea\u0300u khi\u00ea\u0309n t\u1eeb xa Volantex Vector SR65 (792-5) PNP  T\u00e0u, thuy\u1ec1n, xu\u1ed3ng SR-65 RC SI\u00caU R\u1eba B\u1ea3n PNP&#8221; data-src=&#8221;https:\/\/daiviet-hobby.com\/wp-content\/uploads\/2023\/07\/Cano-sr65-18.jpg&#8221; data-large_image=&#8221;https:\/\/daiviet-hobby.com\/wp-content\/uploads\/2023\/07\/Cano-sr65-18.jpg&#8221; data-large_image_width=&#8221;444&#8243; data-large_image_height=&#8221;444&#8243; data-srcset=&#8221;https:\/\/daiviet-hobby.com\/wp-content\/uploads\/2023\/07\/Cano-sr65-18.jpg 444w, https:\/\/daiviet-hobby.com\/wp-content\/uploads\/2023\/07\/Cano-sr65-18-300&#215;300.jpg 300w, https:\/\/daiviet-hobby.com\/wp-content\/uploads\/2023\/07\/Cano-sr65-18-150&#215;150.jpg 150w, https:\/\/daiviet-hobby.com\/wp-content\/uploads\/2023\/07\/Cano-sr65-18-100&#215;100.jpg 100w&#8221; \/><\/a><\/div>\n<div class=\"woocommerce-product-gallery__image slide\" data-thumb=\"https:\/\/daiviet-hobby.com\/wp-content\/uploads\/2023\/07\/Cano-sr65-19-100x100.jpg\" aria-selected=\"false\"><a href=\"https:\/\/daiviet-hobby.com\/wp-content\/uploads\/2023\/07\/Cano-sr65-19.jpg\"><img decoding=\"async\" class=\"lazy-load skip-lazy\" title=\"Cano SR65 \u0111i\u00ea\u0300u khi\u00ea\u0309n t\u1eeb xa Volantex Vector SR65 (792-5) PNP  T\u00e0u, thuy\u1ec1n, xu\u1ed3ng SR-65 RC SI\u00caU R\u1eba B\u1ea3n PNP\" src=\"data:;base64,<svg viewBox=\"0 0 1000 1000\" xmlns=\"http:\/\/www.w3.org\/2000\/svg\"><\/svg>&#8221; sizes=&#8221;(max-width: 600px) 100vw, 600px&#8221; srcset=&#8221;&#8221; alt=&#8221;Cano SR65 \u0111i\u00ea\u0300u khi\u00ea\u0309n t\u1eeb xa Volantex Vector SR65 (792-5) PNP T\u00e0u, thuy\u1ec1n, xu\u1ed3ng SR-65 RC SI\u00caU R\u1eba B\u1ea3n PNP&#8221; width=&#8221;600&#8243; height=&#8221;600&#8243; data-caption=&#8221;Cano SR65 \u0111i\u00ea\u0300u khi\u00ea\u0309n t\u1eeb xa Volantex Vector SR65 (792-5) PNP  T\u00e0u, thuy\u1ec1n, xu\u1ed3ng SR-65 RC SI\u00caU R\u1eba B\u1ea3n PNP&#8221; data-src=&#8221;https:\/\/daiviet-hobby.com\/wp-content\/uploads\/2023\/07\/Cano-sr65-19.jpg&#8221; data-large_image=&#8221;https:\/\/daiviet-hobby.com\/wp-content\/uploads\/2023\/07\/Cano-sr65-19.jpg&#8221; data-large_image_width=&#8221;1000&#8243; data-large_image_height=&#8221;1000&#8243; data-srcset=&#8221;https:\/\/daiviet-hobby.com\/wp-content\/uploads\/2023\/07\/Cano-sr65-19-600&#215;600.jpg 600w, https:\/\/daiviet-hobby.com\/wp-content\/uploads\/2023\/07\/Cano-sr65-19-300&#215;300.jpg 300w, https:\/\/daiviet-hobby.com\/wp-content\/uploads\/2023\/07\/Cano-sr65-19-150&#215;150.jpg 150w, https:\/\/daiviet-hobby.com\/wp-content\/uploads\/2023\/07\/Cano-sr65-19-768&#215;768.jpg 768w, https:\/\/daiviet-hobby.com\/wp-content\/uploads\/2023\/07\/Cano-sr65-19-100&#215;100.jpg 100w, https:\/\/daiviet-hobby.com\/wp-content\/uploads\/2023\/07\/Cano-sr65-19.jpg 1000w&#8221; \/><\/a><\/div>\n<div class=\"woocommerce-product-gallery__image slide\" data-thumb=\"https:\/\/daiviet-hobby.com\/wp-content\/uploads\/2023\/07\/Cano-sr65-14-100x100.jpg\" aria-selected=\"false\"><a href=\"https:\/\/daiviet-hobby.com\/wp-content\/uploads\/2023\/07\/Cano-sr65-14.jpg\"><img decoding=\"async\" class=\"lazy-load skip-lazy\" title=\"Cano SR65 \u0111i\u00ea\u0300u khi\u00ea\u0309n t\u1eeb xa Volantex Vector SR65 (792-5) PNP  T\u00e0u, thuy\u1ec1n, xu\u1ed3ng SR-65 RC SI\u00caU R\u1eba B\u1ea3n PNP\" src=\"data:;base64,<svg viewBox=\"0 0 800 800\" xmlns=\"http:\/\/www.w3.org\/2000\/svg\"><\/svg>&#8221; sizes=&#8221;(max-width: 600px) 100vw, 600px&#8221; srcset=&#8221;&#8221; alt=&#8221;Cano SR65 \u0111i\u00ea\u0300u khi\u00ea\u0309n t\u1eeb xa Volantex Vector SR65 (792-5) PNP T\u00e0u, thuy\u1ec1n, xu\u1ed3ng SR-65 RC SI\u00caU R\u1eba B\u1ea3n PNP&#8221; width=&#8221;600&#8243; height=&#8221;600&#8243; data-caption=&#8221;Cano SR65 \u0111i\u00ea\u0300u khi\u00ea\u0309n t\u1eeb xa Volantex Vector SR65 (792-5) PNP  T\u00e0u, thuy\u1ec1n, xu\u1ed3ng SR-65 RC SI\u00caU R\u1eba B\u1ea3n PNP&#8221; data-src=&#8221;https:\/\/daiviet-hobby.com\/wp-content\/uploads\/2023\/07\/Cano-sr65-14.jpg&#8221; data-large_image=&#8221;https:\/\/daiviet-hobby.com\/wp-content\/uploads\/2023\/07\/Cano-sr65-14.jpg&#8221; data-large_image_width=&#8221;800&#8243; data-large_image_height=&#8221;800&#8243; data-srcset=&#8221;https:\/\/daiviet-hobby.com\/wp-content\/uploads\/2023\/07\/Cano-sr65-14-600&#215;600.jpg 600w, https:\/\/daiviet-hobby.com\/wp-content\/uploads\/2023\/07\/Cano-sr65-14-300&#215;300.jpg 300w, https:\/\/daiviet-hobby.com\/wp-content\/uploads\/2023\/07\/Cano-sr65-14-150&#215;150.jpg 150w, https:\/\/daiviet-hobby.com\/wp-content\/uploads\/2023\/07\/Cano-sr65-14-768&#215;768.jpg 768w, https:\/\/daiviet-hobby.com\/wp-content\/uploads\/2023\/07\/Cano-sr65-14-100&#215;100.jpg 100w, https:\/\/daiviet-hobby.com\/wp-content\/uploads\/2023\/07\/Cano-sr65-14.jpg 800w&#8221; \/><\/a><\/div>\n<\/div>\n<\/div>\n<p><button class=\"flickity-button flickity-prev-next-button previous\" type=\"button\" aria-label=\"Previous\"><\/button><button class=\"flickity-button flickity-prev-next-button next\" type=\"button\" aria-label=\"Next\"><\/button><\/figure>\n<div class=\"image-tools absolute bottom left z-3\"><\/div>\n<\/div>\n<div class=\"product-thumbnails thumbnails slider-no-arrows slider row row-small row-slider slider-nav-small small-columns-4 flickity-enabled is-draggable slider-lazy-load-active\" tabindex=\"0\" data-flickity-options=\"{\n              &quot;cellAlign&quot;: &quot;left&quot;,\n              &quot;wrapAround&quot;: false,\n              &quot;autoPlay&quot;: false,\n              &quot;prevNextButtons&quot;: true,\n              &quot;asNavFor&quot;: &quot;.product-gallery-slider&quot;,\n              &quot;percentPosition&quot;: true,\n              &quot;imagesLoaded&quot;: true,\n              &quot;pageDots&quot;: false,\n              &quot;rightToLeft&quot;: false,\n              &quot;contain&quot;: true\n          }\"><\/p>\n<div class=\"flickity-viewport\">\n<div class=\"flickity-slider\">\n<div class=\"col first is-selected is-nav-selected\" aria-selected=\"true\"><a><img decoding=\"async\" class=\"attachment-woocommerce_thumbnail lazyloaded\" src=\"https:\/\/daiviet-hobby.com\/wp-content\/uploads\/2023\/07\/Cano-sr65-15-300x300.jpg\" alt=\"Cano SR65 \u0111i\u00ea\u0300u khi\u00ea\u0309n t\u1eeb xa Volantex Vector SR65 (792-5) PNP T\u00e0u, thuy\u1ec1n, xu\u1ed3ng SR-65 RC SI\u00caU R\u1eba B\u1ea3n PNP\" width=\"300\" height=\"300\" data-src=\"https:\/\/daiviet-hobby.com\/wp-content\/uploads\/2023\/07\/Cano-sr65-15-300x300.jpg\" \/><\/a><\/div>\n<div class=\"col\" aria-selected=\"false\"><a><img loading=\"lazy\" decoding=\"async\" class=\"attachment-woocommerce_thumbnail lazy-load-active\" src=\"https:\/\/daiviet-hobby.com\/wp-content\/uploads\/2023\/07\/Cano-sr65-18-300x300.jpg\" alt=\"Cano SR65 \u0111i\u00ea\u0300u khi\u00ea\u0309n t\u1eeb xa Volantex Vector SR65 (792-5) PNP T\u00e0u, thuy\u1ec1n, xu\u1ed3ng SR-65 RC SI\u00caU R\u1eba B\u1ea3n PNP\" width=\"300\" height=\"300\" data-src=\"https:\/\/daiviet-hobby.com\/wp-content\/uploads\/2023\/07\/Cano-sr65-18-300x300.jpg\" \/><\/a><\/div>\n<div class=\"col\" aria-selected=\"false\"><a><img loading=\"lazy\" decoding=\"async\" class=\"attachment-woocommerce_thumbnail lazy-load-active\" src=\"https:\/\/daiviet-hobby.com\/wp-content\/uploads\/2023\/07\/Cano-sr65-19-300x300.jpg\" alt=\"Cano SR65 \u0111i\u00ea\u0300u khi\u00ea\u0309n t\u1eeb xa Volantex Vector SR65 (792-5) PNP T\u00e0u, thuy\u1ec1n, xu\u1ed3ng SR-65 RC SI\u00caU R\u1eba B\u1ea3n PNP\" width=\"300\" height=\"300\" data-src=\"https:\/\/daiviet-hobby.com\/wp-content\/uploads\/2023\/07\/Cano-sr65-19-300x300.jpg\" \/><\/a><\/div>\n<div class=\"col\" aria-selected=\"false\"><a><img loading=\"lazy\" decoding=\"async\" class=\"attachment-woocommerce_thumbnail lazy-load-active\" src=\"https:\/\/daiviet-hobby.com\/wp-content\/uploads\/2023\/07\/Cano-sr65-14-300x300.jpg\" alt=\"Cano SR65 \u0111i\u00ea\u0300u khi\u00ea\u0309n t\u1eeb xa Volantex Vector SR65 (792-5) PNP T\u00e0u, thuy\u1ec1n, xu\u1ed3ng SR-65 RC SI\u00caU R\u1eba B\u1ea3n PNP\" width=\"300\" height=\"300\" data-src=\"https:\/\/daiviet-hobby.com\/wp-content\/uploads\/2023\/07\/Cano-sr65-14-300x300.jpg\" \/><\/a><\/div>\n<\/div>\n<\/div>\n<\/div>\n<\/div>\n<div class=\"product-info summary col-fit col-divided col entry-summary product-summary text-left\">\n<nav class=\"woocommerce-breadcrumb breadcrumbs uppercase\"><a href=\"https:\/\/daiviet-hobby.com\/\">Trang ch\u1ee7<\/a>\u00a0<span class=\"divider\">\/<\/span>\u00a0<a href=\"https:\/\/daiviet-hobby.com\/san-pham\/\">S\u1ea3n ph\u1ea9m<\/a>\u00a0<span class=\"divider\">\/<\/span>\u00a0<a href=\"https:\/\/daiviet-hobby.com\/danh-muc\/do-choi-dieu-khien\/\">\u0110\u1ed3 ch\u01a1i \u0111i\u1ec1u khi\u1ec3n<\/a><\/nav>\n<h1 class=\"product-title product_title entry-title\">Cano SR65 \u0111i\u00ea\u0300u khi\u00ea\u0309n t\u1eeb xa Volantex Vector SR65 (792-5) PNP T\u00e0u, thuy\u1ec1n, xu\u1ed3ng SR-65 RC<\/h1>\n<div class=\"is-divider small\"><\/div>\n<div class=\"price-wrapper\">\n<p class=\"price product-page-price \"><span class=\"woocommerce-Price-amount amount\">1.919.000<span class=\"woocommerce-Price-currencySymbol\">\u20ab<\/span><\/span><\/p>\n<\/div>\n<form class=\"cart\" action=\"https:\/\/daiviet-hobby.com\/san-pham\/cano-sr65-dieu-khie%cc%89n-tu-xa-volantex-vector-sr65-792-5-pnp-tau-thuyen-xuong-sr-65\/\" enctype=\"multipart\/form-data\" method=\"post\">\n<div class=\"sticky-add-to-cart-wrapper\">\n<div class=\"sticky-add-to-cart sticky-add-to-cart--active\">\n<div class=\"sticky-add-to-cart__product\"><img decoding=\"async\" class=\"sticky-add-to-cart-img lazyloaded\" src=\"https:\/\/daiviet-hobby.com\/wp-content\/uploads\/2023\/07\/Cano-sr65-15-100x100.jpg\" alt=\"Cano SR65 \u0111i\u00ea\u0300u khi\u00ea\u0309n t\u1eeb xa Volantex Vector SR65 (792-5) PNP T\u00e0u, thuy\u1ec1n, xu\u1ed3ng SR-65 RC SI\u00caU R\u1eba B\u1ea3n PNP\" data-src=\"https:\/\/daiviet-hobby.com\/wp-content\/uploads\/2023\/07\/Cano-sr65-15-100x100.jpg\" \/><\/p>\n<div class=\"product-title-small hide-for-small\"><strong>Cano SR65 \u0111i\u00ea\u0300u khi\u00ea\u0309n t\u1eeb xa Volantex Vector SR65 (792-5) PNP T\u00e0u, thuy\u1ec1n, xu\u1ed3ng SR-65 RC<\/strong><\/div>\n<div class=\"price-wrapper\">\n<p class=\"price product-page-price \"><span class=\"woocommerce-Price-amount amount\">1.919.000<span class=\"woocommerce-Price-currencySymbol\">\u20ab<\/span><\/span><\/p>\n<\/div>\n<\/div>\n<div class=\"quantity buttons_added\"><input class=\"minus button is-form\" type=\"button\" value=\"-\" \/><label class=\"screen-reader-text\" for=\"quantity_683b28b443688\">Cano SR65 \u0111i\u00ea\u0300u khi\u00ea\u0309n t\u1eeb xa Volantex Vector SR65 (792-5) PNP T\u00e0u, thuy\u1ec1n, xu\u1ed3ng SR-65 RC s\u1ed1 l\u01b0\u1ee3ng<\/label><input id=\"quantity_683b28b443688\" class=\"input-text qty text\" title=\"SL\" max=\"9999\" min=\"1\" name=\"quantity\" size=\"4\" step=\"1\" type=\"number\" value=\"1\" \/><input class=\"plus button is-form\" type=\"button\" value=\"+\" \/><\/div>\n<p><button class=\"single_add_to_cart_button button alt\" name=\"add-to-cart\" type=\"submit\" value=\"2973\">Th\u00eam v\u00e0o gi\u1ecf h\u00e0ng<\/button><button id=\"buy_now_button\" class=\"single_add_to_cart_button button alt\" name=\"add-to-cart\" type=\"submit\" value=\"2973\"><i class=\"fa fa-credit-card\" aria-hidden=\"true\"><\/i>\u00a0Mua ngay<\/button><\/div>\n<\/div>\n<\/form>\n<div class=\"product_meta\"><span class=\"posted_in\">Danh m\u1ee5c:\u00a0<a href=\"https:\/\/daiviet-hobby.com\/danh-muc\/do-choi-dieu-khien\/\" rel=\"tag\">\u0110\u1ed3 ch\u01a1i \u0111i\u1ec1u khi\u1ec3n<\/a><\/span><span class=\"tagged_as\">T\u1eeb kh\u00f3a:\u00a0<a href=\"https:\/\/daiviet-hobby.com\/tu-khoa\/cano-dieu-khien-tu-xa\/\" rel=\"tag\">cano \u0111i\u1ec1u khi\u1ec3n t\u1eeb xa<\/a>,\u00a0<a href=\"https:\/\/daiviet-hobby.com\/tu-khoa\/pnp\/\" rel=\"tag\">PNP<\/a>,\u00a0<a href=\"https:\/\/daiviet-hobby.com\/tu-khoa\/sr65\/\" rel=\"tag\">Sr65<\/a>,\u00a0<a href=\"https:\/\/daiviet-hobby.com\/tu-khoa\/volantex-vector-sr65\/\" rel=\"tag\">Volantex Vector SR65<\/a><\/span><\/div>\n<div class=\"social-icons share-icons share-row relative\"><\/div>\n<\/div>\n<div id=\"product-sidebar\" class=\"col large-3 hide-for-medium \">\n<aside id=\"custom_html-3\" class=\"widget_text widget widget_custom_html\">\n<div class=\"textwidget custom-html-widget\">\n<h3 class=\"widget-tieude\">\u00a0H\u01b0\u1edbng d\u1eabn mua h\u00e0ng<\/h3>\n<p>B\u01b0\u1edbc 1 : Nh\u1ea5n n\u00fat mua ngay (ho\u1eb7c mua h\u00e0ng)<br \/>\nB\u01b0\u1edbc 2 : Nh\u1eadp th\u00f4ng tin ng\u01b0\u1eddi nh\u1eadn<br \/>\nB\u01b0\u1edbc 3 : Ch\u1ecdn h\u00ecnh th\u1ee9c thanh to\u00e1n<br \/>\nB\u01b0\u1edbc 4: Nh\u1ea5n \u0111\u1eb7t h\u00e0ng v\u00e0 ch\u1edd shop li\u00ean h\u1ec7 ch\u1ed1t \u0111\u01a1n<\/p>\n<p>L\u01b0u \u00fd : Qu\u00fd kh\u00e1ch n\u00ean quay clip khui h\u1ed9p \u0111\u1ec3 \u0111\u1ed1i chi\u1ebfu n\u1ebfu x\u1ea3y ra khi\u1ebfu n\u1ea1i<\/p><\/div>\n<\/aside>\n<\/div>\n<\/div>\n<\/div>\n<div class=\"product-footer\">\n<div class=\"container\">\n<div class=\"woocommerce-tabs wc-tabs-wrapper container tabbed-content\">\n<ul class=\"tabs wc-tabs product-tabs small-nav-collapse nav nav-uppercase nav-line nav-left\" role=\"tablist\">\n<li id=\"tab-title-description\" class=\"description_tab active\" role=\"tab\" aria-controls=\"tab-description\"><a href=\"https:\/\/daiviet-hobby.com\/san-pham\/cano-sr65-dieu-khie%CC%89n-tu-xa-volantex-vector-sr65-792-5-pnp-tau-thuyen-xuong-sr-65\/#tab-description\">M\u00f4 t\u1ea3<\/a><\/li>\n<li id=\"tab-title-additional_information\" class=\"additional_information_tab\" role=\"tab\" aria-controls=\"tab-additional_information\"><a href=\"https:\/\/daiviet-hobby.com\/san-pham\/cano-sr65-dieu-khie%CC%89n-tu-xa-volantex-vector-sr65-792-5-pnp-tau-thuyen-xuong-sr-65\/#tab-additional_information\">Th\u00f4ng tin b\u1ed5 sung<\/a><\/li>\n<li id=\"tab-title-reviews\" class=\"reviews_tab\" role=\"tab\" aria-controls=\"tab-reviews\"><a href=\"https:\/\/daiviet-hobby.com\/san-pham\/cano-sr65-dieu-khie%CC%89n-tu-xa-volantex-vector-sr65-792-5-pnp-tau-thuyen-xuong-sr-65\/#tab-reviews\">\u0110\u00e1nh gi\u00e1 (0)<\/a><\/li>\n<li id=\"tab-title-ux_global_tab\" class=\"ux_global_tab_tab\" role=\"tab\" aria-controls=\"tab-ux_global_tab\"><a href=\"https:\/\/daiviet-hobby.com\/san-pham\/cano-sr65-dieu-khie%CC%89n-tu-xa-volantex-vector-sr65-792-5-pnp-tau-thuyen-xuong-sr-65\/#tab-ux_global_tab\">H\u01b0\u1edbng d\u1eabn mua h\u00e0ng<\/a><\/li>\n<\/ul>\n<div class=\"tab-panels\">\n<div id=\"tab-description\" class=\"woocommerce-Tabs-panel woocommerce-Tabs-panel--description panel entry-content active\" role=\"tabpanel\" aria-labelledby=\"tab-title-description\">\n<h1><strong>Cano SR65 \u0111i\u00ea\u0300u khi\u00ea\u0309n t\u1eeb xa Volantex Vector SR65 (792-5) PNP T\u00e0u, thuy\u1ec1n, xu\u1ed3ng SR-65 RC<\/strong><\/h1>\n<p><strong>* L\u01b0u \u00fd:<\/strong>\u00a0Cano \u0111i\u1ec1u khi\u1ec3n t\u1eeb xa Sr65 phi\u00ean b\u1ea3n PNB l\u00e0 phi\u00ean b\u1ea3n bao g\u1ed3m: Kit (Khung v\u1ecf), motor, ESC, servo<br \/>\n\u2013 N\u00ean khi mua v\u1ec1 c\u1ea7n b\u1ed5 sung th\u00eam Tay \u0111i\u1ec1u khi\u1ec3n (Tx) v\u00e0 m\u1ea1ch thu s\u00f3ng (Rx), pin v\u00e0 s\u1ea1c \u0111\u1ec3 ch\u01a1i nh\u00e9.<\/p>\n<div><strong>* Th\u00f4ng s\u1ed1 s\u1ea3n ph\u1ea9m\u00a0 Cano \u0111i\u1ec1u khi\u1ec3n Volantex Vector SR65\u00a0 b\u1ea3n PNP:<\/strong><\/div>\n<div>\u2013 Th\u01b0\u01a1ng hi\u1ec7u : Volantex<\/div>\n<div>\u2013 M\u00e3: V792-5<\/div>\n<div>\u2013 M\u00e0u s\u1eafc : M\u00e0u \u0111\u1ecf, v\u00e0ng<\/div>\n<div>\u2013 Chi\u1ec1u d\u00e0i: 650mm<\/div>\n<div>\u2013 Chi\u1ec1u r\u1ed9ng: 165mm<\/div>\n<div>\u2013 Kh\u1ed1i l\u01b0\u1ee3ng kit: 800g<\/div>\n<div>\u2013 Motor: Brushless motor 2218-2600kv<\/div>\n<div>\u2013 ESC: 20A<\/div>\n<div>\u2013 Servo: 17g<\/div>\n<div>\u2013 T\u1ed1c \u0111\u1ed9: 55km\/h<\/div>\n<div><\/div>\n<div><strong>* Ph\u1ee5 ki\u1ec7n c\u1ea7n b\u1ed5 sung:\u00a0<\/strong><\/div>\n<div>\u2013 Tay \u0111i\u1ec1u khi\u1ec3n (TX)<\/div>\n<div>\u2013 M\u1ea1ch thu s\u00f3ng (RX)<\/div>\n<div>\u2013 Pin 11.1v (3S)<\/div>\n<div>\u2013 S\u1ea1c pin 11.1v<\/div>\n<\/div>\n<\/div>\n<\/div>\n<\/div>\n<\/div>\n<\/div>\n<\/div>\n<\/div>\n<p><\/main><\/p>\n","protected":false},"featured_media":2569,"comment_status":"closed","ping_status":"closed","template":"","meta":{"om_disable_all_campaigns":false,"_uag_custom_page_level_css":"","_monsterinsights_skip_tracking":false,"_monsterinsights_sitenote_active":false,"_monsterinsights_sitenote_note":"","_monsterinsights_sitenote_category":0,"_uf_show_specific_survey":0,"_uf_disable_surveys":false},"product_brand":[],"product_cat":[36],"product_tag":[],"class_list":{"0":"post-2568","1":"product","2":"type-product","3":"status-publish","4":"has-post-thumbnail","6":"product_cat-cano","8":"first","9":"instock","10":"sale","11":"shipping-taxable","12":"purchasable","13":"product-type-simple"},"aioseo_notices":[],"uagb_featured_image_src":{"full":["https:\/\/kproz.id.vn\/wp-content\/uploads\/2025\/05\/cn2.jpg",1000,1000,false],"thumbnail":["https:\/\/kproz.id.vn\/wp-content\/uploads\/2025\/05\/cn2-150x150.jpg",150,150,true],"medium":["https:\/\/kproz.id.vn\/wp-content\/uploads\/2025\/05\/cn2-300x300.jpg",300,300,true],"medium_large":["https:\/\/kproz.id.vn\/wp-content\/uploads\/2025\/05\/cn2-768x768.jpg",768,768,true],"large":["https:\/\/kproz.id.vn\/wp-content\/uploads\/2025\/05\/cn2.jpg",1000,1000,false],"1536x1536":["https:\/\/kproz.id.vn\/wp-content\/uploads\/2025\/05\/cn2.jpg",1000,1000,false],"2048x2048":["https:\/\/kproz.id.vn\/wp-content\/uploads\/2025\/05\/cn2.jpg",1000,1000,false],"woocommerce_thumbnail":["https:\/\/kproz.id.vn\/wp-content\/uploads\/2025\/05\/cn2-247x296.jpg",247,296,true],"woocommerce_single":["https:\/\/kproz.id.vn\/wp-content\/uploads\/2025\/05\/cn2-510x510.jpg",510,510,true],"woocommerce_gallery_thumbnail":["https:\/\/kproz.id.vn\/wp-content\/uploads\/2025\/05\/cn2-100x100.jpg",100,100,true]},"uagb_author_info":{"display_name":"admin","author_link":"https:\/\/kproz.id.vn\/?author=0"},"uagb_comment_info":0,"uagb_excerpt":"Trang ch\u1ee7\u00a0\/\u00a0S\u1ea3n ph\u1ea9m\u00a0\/\u00a0\u0110\u1ed3 ch\u01a1i \u0111i\u1ec1u khi\u1ec3n Cano SR65 \u0111i\u00ea\u0300u khi\u00ea\u0309n t\u1eeb xa Volantex Vector SR65 (792-5) PNP T\u00e0u, thuy\u1ec1n, xu\u1ed3ng SR-65 RC 1.919.000\u20ab Cano SR65 \u0111i\u00ea\u0300u khi\u00ea\u0309n t\u1eeb xa Volantex Vector SR65 (792-5) PNP T\u00e0u, thuy\u1ec1n, xu\u1ed3ng SR-65 RC 1.919.000\u20ab Cano SR65 \u0111i\u00ea\u0300u khi\u00ea\u0309n t\u1eeb xa Volantex Vector SR65 (792-5) PNP T\u00e0u, thuy\u1ec1n, xu\u1ed3ng SR-65&hellip;","_links":{"self":[{"href":"https:\/\/kproz.id.vn\/index.php?rest_route=\/wp\/v2\/product\/2568","targetHints":{"allow":["GET"]}}],"collection":[{"href":"https:\/\/kproz.id.vn\/index.php?rest_route=\/wp\/v2\/product"}],"about":[{"href":"https:\/\/kproz.id.vn\/index.php?rest_route=\/wp\/v2\/types\/product"}],"replies":[{"embeddable":true,"href":"https:\/\/kproz.id.vn\/index.php?rest_route=%2Fwp%2Fv2%2Fcomments&post=2568"}],"wp:featuredmedia":[{"embeddable":true,"href":"https:\/\/kproz.id.vn\/index.php?rest_route=\/wp\/v2\/media\/2569"}],"wp:attachment":[{"href":"https:\/\/kproz.id.vn\/index.php?rest_route=%2Fwp%2Fv2%2Fmedia&parent=2568"}],"wp:term":[{"taxonomy":"product_brand","embeddable":true,"href":"https:\/\/kproz.id.vn\/index.php?rest_route=%2Fwp%2Fv2%2Fproduct_brand&post=2568"},{"taxonomy":"product_cat","embeddable":true,"href":"https:\/\/kproz.id.vn\/index.php?rest_route=%2Fwp%2Fv2%2Fproduct_cat&post=2568"},{"taxonomy":"product_tag","embeddable":true,"href":"https:\/\/kproz.id.vn\/index.php?rest_route=%2Fwp%2Fv2%2Fproduct_tag&post=2568"}],"curies":[{"name":"wp","href":"https:\/\/api.w.org\/{rel}","templated":true}]}}