{"id":2514,"date":"2025-05-30T10:18:37","date_gmt":"2025-05-30T03:18:37","guid":{"rendered":"https:\/\/kproz.id.vn\/?post_type=product&#038;p=2514"},"modified":"2025-05-31T21:29:26","modified_gmt":"2025-05-31T14:29:26","slug":"flytec-new-fy-16101-1-16-rc-car-199km-h","status":"publish","type":"product","link":"https:\/\/kproz.id.vn\/?product=flytec-new-fy-16101-1-16-rc-car-199km-h","title":{"rendered":"Flytec New Fy-16101 1\/16 RC Car 199km\/h"},"content":{"rendered":"<p><img fetchpriority=\"high\" decoding=\"async\" class=\"alignnone size-full wp-image-2515\" src=\"https:\/\/kproz.id.vn\/wp-content\/uploads\/2025\/05\/rc-offroad.avif\" alt=\"\" width=\"550\" height=\"550\" srcset=\"https:\/\/kproz.id.vn\/wp-content\/uploads\/2025\/05\/rc-offroad.avif 550w, https:\/\/kproz.id.vn\/wp-content\/uploads\/2025\/05\/rc-offroad-300x300.avif 300w, https:\/\/kproz.id.vn\/wp-content\/uploads\/2025\/05\/rc-offroad-150x150.avif 150w, https:\/\/kproz.id.vn\/wp-content\/uploads\/2025\/05\/rc-offroad-510x510.avif 510w, https:\/\/kproz.id.vn\/wp-content\/uploads\/2025\/05\/rc-offroad-100x100.avif 100w\" sizes=\"(max-width: 550px) 100vw, 550px\" \/><\/p>\n","protected":false},"excerpt":{"rendered":"<p><b>1. H\u00e0nh \u0111\u1ed9ng \u0111\u1ed1t l\u1ed1p c\u1ef1c \u0111\u1ed9:\u00a0<\/b>V\u1edbi \u0111\u1ed9ng c\u01a1 t\u00edch h\u1ee3p m\u1ea1nh m\u1ebd, xe t\u1ea3i \u0111i\u1ec1u khi\u1ec3n t\u1eeb xa 4&#215;4 \u0111\u1ecba h\u00ecnh ch\u1ed1ng n\u01b0\u1edbc c\u1ee7a ch\u00fang t\u00f4i \u0111\u01b0\u1ee3c l\u1eafp r\u00e1p ho\u00e0n ch\u1ec9nh, s\u1eb5n s\u00e0ng ch\u1ea1y ngay khi xu\u1ea5t x\u01b0\u1edfng. N\u00f3 \u0111\u1ea1t t\u1ed1c \u0111\u1ed9 l\u00ean t\u1edbi 31 d\u1eb7m\/gi\u1edd (50km\/gi\u1edd), gi\u00fap xe \u0111ua nhanh h\u01a1n nh\u1eefng chi\u1ebfc kh\u00e1c<\/p>\n<p><b>2. Thi\u1ebft k\u1ebf c\u1ea5u tr\u00fac m\u00f4 ph\u1ecfng:\u00a0<\/b>S\u1eed d\u1ee5ng thi\u1ebft k\u1ebf c\u1ea5u tr\u00fac m\u00f4 ph\u1ecfng, v\u1edbi c\u1ea3m gi\u00e1c \u0111i\u1ec1u khi\u1ec3n xe th\u1ef1c t\u1ebf, \u0111\u1ec3 \u0111\u1ea1t \u0111\u01b0\u1ee3c<br \/>\nt\u1ed1c \u0111\u1ed9 v\u00f4 c\u1ea5p to\u00e0n di\u1ec7n, l\u00e1i xe t\u1ed1c \u0111\u1ed9 cao, t\u0103ng t\u1ed1c nhanh, gi\u1ea3m t\u1ed1c, phanh, l\u00f9i, r\u1ebd tr\u00e1i, r\u1ebd ph\u1ea3i.<\/p>\n<p><b>3. \u0110i\u1ec1u khi\u1ec3n t\u1eeb xa 2,4 GHz:\u00a0<\/b>T\u1ea7n s\u1ed1 2,4 GHz \u0111i k\u00e8m v\u1edbi kh\u1ea3 n\u0103ng ch\u1ed1ng nhi\u1ec5u v\u01b0\u1ee3t tr\u1ed9i v\u00e0 cho ph\u00e9p b\u1ea1n \u0111i\u1ec1u khi\u1ec3n ch\u00ednh x\u00e1c to\u00e0n di\u1ec7n. Kho\u1ea3ng c\u00e1ch \u0111i\u1ec1u khi\u1ec3n t\u1eeb xa l\u00e0 h\u01a1n 80m\/262ft, khi\u1ebfn n\u00f3 tr\u1edf th\u00e0nh m\u1ed9t chi\u1ebfc xe \u0111\u1ecba h\u00ecnh tuy\u1ec7t v\u1eddi \u0111\u1ec3 s\u1eed d\u1ee5ng trong nh\u00e0 v\u00e0 ngo\u00e0i tr\u1eddi.<\/p>\n<p><b>4. Speedy Drift:\u00a0<\/b>\u0110\u01b0\u1ee3c trang b\u1ecb \u0111\u1ed9ng c\u01a1 c\u00f4ng su\u1ea5t m\u1ea1nh RC390 v\u00e0 \u0111\u01b0\u1ee3c thi\u1ebft k\u1ebf v\u1edbi b\u1ed9 vi sai h\u00e0nh tinh b\u00e1nh r\u0103ng tr\u01b0\u1edbc v\u00e0 sau \u0111\u1ed9c \u0111\u00e1o, \u0111\u1ed3 ch\u01a1i xe \u0111ua c\u00f3 th\u1ec3 tr\u00f4i v\u00e0 \u0111\u1ea1t t\u1ed1c \u0111\u1ed9 l\u00ean t\u1edbi 50km\/h, mang \u0111\u1ebfn cho b\u1ea1n tr\u1ea3i nghi\u1ec7m tr\u00f4i ly k\u1ef3.<\/p>\n<p><b>5. Xe \u0111\u1ecba h\u00ecnh:\u00a0<\/b>H\u1ec7 th\u1ed1ng 4WD v\u00e0 \u0111\u1ed9 b\u00e1m \u0111\u01b0\u1eddng ch\u1eafc ch\u1eafn \u0111\u1ea3m b\u1ea3o xe RC c\u00f3 th\u1ec3 leo l\u00ean \u0111\u1ed9 d\u1ed1c 45 \u0111\u1ed9 v\u00e0 chinh ph\u1ee5c m\u1ecdi \u0111\u1ecba h\u00ecnh, ch\u1eb3ng h\u1ea1n nh\u01b0 c\u1ecf, c\u00e1t, b\u00f9n, \u0111\u00e1, v.v. \u0110\u00e2y l\u00e0 m\u1ed9t m\u00f3n qu\u00e0 tuy\u1ec7t v\u1eddi cho con b\u1ea1n ho\u1eb7c b\u1ea1n b\u00e8.<\/p>\n<p><b>6. H\u1ed7 tr\u1ee3 va ch\u1ea1m:\u00a0<\/b>\u0110\u01b0\u1ee3c l\u00e0m b\u1eb1ng v\u1ecf PVC ch\u1ed1ng ch\u00e1y n\u1ed5 c\u00f3 \u0111\u1ed9 b\u1ec1n cao, xe RC s\u1eed d\u1ee5ng thi\u1ebft k\u1ebf l\u00f2 xo th\u1eb3ng \u0111\u1ee9ng tr\u01b0\u1edbc v\u00e0 sau v\u00e0 4 b\u1ed9 gi\u1ea3m x\u00f3c \u0111\u1ed9c l\u1eadp l\u1edbn h\u01a1n, c\u00f3 t\u00e1c d\u1ee5ng h\u1ed7 tr\u1ee3 va ch\u1ea1m tuy\u1ec7t v\u1eddi v\u00e0 c\u00f3 th\u1ec3 th\u00edch \u1ee9ng hi\u1ec7u qu\u1ea3 v\u1edbi nhi\u1ec1u c\u1ea3nh g\u1ed3 gh\u1ec1 v\u00e0 rung \u0111\u1ed9ng cao.<\/p>\n<p><b>7. Pin s\u1ea1c dung l\u01b0\u1ee3ng cao 1300mAH:\u00a0\u00a0<\/b>Xe \u0111\u1ecba h\u00ecnh \u0111\u01b0\u1ee3c trang b\u1ecb pin Li-Po 7,4V 1300 mAh c\u00f3 th\u1ec3 s\u1ea1c l\u1ea1i. Xe RC d\u00e0nh cho tr\u1ebb em v\u00e0 ng\u01b0\u1eddi l\u1edbn c\u00f3 th\u1ec3 ch\u1ea1y trong v\u00f2ng 10-15 ph\u00fat t\u00f9y thu\u1ed9c v\u00e0o ch\u1ebf \u0111\u1ed9 t\u1ed1c \u0111\u1ed9 b\u1ea1n c\u00e0i \u0111\u1eb7t. M\u1edf r\u1ed9ng s\u1ef1 th\u00edch th\u00fa c\u1ee7a b\u1ea1n v\u00e0 \u0111\u01b0\u1ee3c s\u1ea3n xu\u1ea5t \u0111\u1ec3 c\u00f3 hi\u1ec7u su\u1ea5t \u0111ua xe RC cao.<\/p>\n","protected":false},"featured_media":2515,"comment_status":"closed","ping_status":"closed","template":"","meta":{"om_disable_all_campaigns":false,"_uag_custom_page_level_css":"","_monsterinsights_skip_tracking":false,"_monsterinsights_sitenote_active":false,"_monsterinsights_sitenote_note":"","_monsterinsights_sitenote_category":0,"_uf_show_specific_survey":0,"_uf_disable_surveys":false},"product_brand":[],"product_cat":[34],"product_tag":[],"class_list":{"0":"post-2514","1":"product","2":"type-product","3":"status-publish","4":"has-post-thumbnail","6":"product_cat-xe-rc","8":"first","9":"instock","10":"sale","11":"shipping-taxable","12":"purchasable","13":"product-type-simple"},"aioseo_notices":[],"uagb_featured_image_src":{"full":["https:\/\/kproz.id.vn\/wp-content\/uploads\/2025\/05\/rc-offroad.avif",550,550,false],"thumbnail":["https:\/\/kproz.id.vn\/wp-content\/uploads\/2025\/05\/rc-offroad-150x150.avif",150,150,true],"medium":["https:\/\/kproz.id.vn\/wp-content\/uploads\/2025\/05\/rc-offroad-300x300.avif",300,300,true],"medium_large":["https:\/\/kproz.id.vn\/wp-content\/uploads\/2025\/05\/rc-offroad.avif",550,550,false],"large":["https:\/\/kproz.id.vn\/wp-content\/uploads\/2025\/05\/rc-offroad.avif",550,550,false],"1536x1536":["https:\/\/kproz.id.vn\/wp-content\/uploads\/2025\/05\/rc-offroad.avif",550,550,false],"2048x2048":["https:\/\/kproz.id.vn\/wp-content\/uploads\/2025\/05\/rc-offroad.avif",550,550,false],"woocommerce_thumbnail":["https:\/\/kproz.id.vn\/wp-content\/uploads\/2025\/05\/rc-offroad-247x296.avif",247,296,true],"woocommerce_single":["https:\/\/kproz.id.vn\/wp-content\/uploads\/2025\/05\/rc-offroad-510x510.avif",510,510,true],"woocommerce_gallery_thumbnail":["https:\/\/kproz.id.vn\/wp-content\/uploads\/2025\/05\/rc-offroad-100x100.avif",100,100,true]},"uagb_author_info":{"display_name":"admin","author_link":"https:\/\/kproz.id.vn\/?author=0"},"uagb_comment_info":0,"uagb_excerpt":"1. H\u00e0nh \u0111\u1ed9ng \u0111\u1ed1t l\u1ed1p c\u1ef1c \u0111\u1ed9:\u00a0V\u1edbi \u0111\u1ed9ng c\u01a1 t\u00edch h\u1ee3p m\u1ea1nh m\u1ebd, xe t\u1ea3i \u0111i\u1ec1u khi\u1ec3n t\u1eeb xa 4x4 \u0111\u1ecba h\u00ecnh ch\u1ed1ng n\u01b0\u1edbc c\u1ee7a ch\u00fang t\u00f4i \u0111\u01b0\u1ee3c l\u1eafp r\u00e1p ho\u00e0n ch\u1ec9nh, s\u1eb5n s\u00e0ng ch\u1ea1y ngay khi xu\u1ea5t x\u01b0\u1edfng. N\u00f3 \u0111\u1ea1t t\u1ed1c \u0111\u1ed9 l\u00ean t\u1edbi 31 d\u1eb7m\/gi\u1edd (50km\/gi\u1edd), gi\u00fap xe \u0111ua nhanh h\u01a1n nh\u1eefng chi\u1ebfc&hellip;","_links":{"self":[{"href":"https:\/\/kproz.id.vn\/index.php?rest_route=\/wp\/v2\/product\/2514","targetHints":{"allow":["GET"]}}],"collection":[{"href":"https:\/\/kproz.id.vn\/index.php?rest_route=\/wp\/v2\/product"}],"about":[{"href":"https:\/\/kproz.id.vn\/index.php?rest_route=\/wp\/v2\/types\/product"}],"replies":[{"embeddable":true,"href":"https:\/\/kproz.id.vn\/index.php?rest_route=%2Fwp%2Fv2%2Fcomments&post=2514"}],"wp:featuredmedia":[{"embeddable":true,"href":"https:\/\/kproz.id.vn\/index.php?rest_route=\/wp\/v2\/media\/2515"}],"wp:attachment":[{"href":"https:\/\/kproz.id.vn\/index.php?rest_route=%2Fwp%2Fv2%2Fmedia&parent=2514"}],"wp:term":[{"taxonomy":"product_brand","embeddable":true,"href":"https:\/\/kproz.id.vn\/index.php?rest_route=%2Fwp%2Fv2%2Fproduct_brand&post=2514"},{"taxonomy":"product_cat","embeddable":true,"href":"https:\/\/kproz.id.vn\/index.php?rest_route=%2Fwp%2Fv2%2Fproduct_cat&post=2514"},{"taxonomy":"product_tag","embeddable":true,"href":"https:\/\/kproz.id.vn\/index.php?rest_route=%2Fwp%2Fv2%2Fproduct_tag&post=2514"}],"curies":[{"name":"wp","href":"https:\/\/api.w.org\/{rel}","templated":true}]}}