{"id":2354,"date":"2025-05-27T08:03:57","date_gmt":"2025-05-27T01:03:57","guid":{"rendered":"https:\/\/kproz.id.vn\/gio-hang\/"},"modified":"2025-05-30T10:26:47","modified_gmt":"2025-05-30T03:26:47","slug":"gio-hang","status":"publish","type":"page","link":"https:\/\/kproz.id.vn\/?page_id=2354","title":{"rendered":"Gi\u1ecf h\u00e0ng"},"content":{"rendered":"<div data-block-name=\"woocommerce\/cart\" class=\"wp-block-woocommerce-cart alignwide is-loading\"><div data-block-name=\"woocommerce\/filled-cart-block\" class=\"wp-block-woocommerce-filled-cart-block\"><div data-block-name=\"woocommerce\/cart-items-block\" class=\"wp-block-woocommerce-cart-items-block\"><div data-block-name=\"woocommerce\/cart-line-items-block\" class=\"wp-block-woocommerce-cart-line-items-block\"><\/div>\n\n<div data-block-name=\"woocommerce\/cart-cross-sells-block\" class=\"wp-block-woocommerce-cart-cross-sells-block\"><h2 class=\"wp-block-heading has-large-font-size\">B\u1ea1n c\u00f3 th\u1ec3 quan t\u00e2m \u0111\u1ebfn\u2026<\/h2>\n\n<div data-block-name=\"woocommerce\/cart-cross-sells-products-block\" class=\"wp-block-woocommerce-cart-cross-sells-products-block\"><\/div><\/div><\/div>\n\n<div data-block-name=\"woocommerce\/cart-totals-block\" class=\"wp-block-woocommerce-cart-totals-block\"><div data-block-name=\"woocommerce\/cart-order-summary-block\" class=\"wp-block-woocommerce-cart-order-summary-block\"><div data-block-name=\"woocommerce\/cart-order-summary-heading-block\" class=\"wp-block-woocommerce-cart-order-summary-heading-block\"><\/div><div data-block-name=\"woocommerce\/cart-order-summary-coupon-form-block\" class=\"wp-block-woocommerce-cart-order-summary-coupon-form-block\"><\/div><div data-block-name=\"woocommerce\/cart-order-summary-totals-block\" class=\"wp-block-woocommerce-cart-order-summary-totals-block\">\n<div data-block-name=\"woocommerce\/cart-order-summary-subtotal-block\" class=\"wp-block-woocommerce-cart-order-summary-subtotal-block\"><\/div>\n<div data-block-name=\"woocommerce\/cart-order-summary-discount-block\" class=\"wp-block-woocommerce-cart-order-summary-discount-block\"><\/div>\n<div data-block-name=\"woocommerce\/cart-order-summary-fee-block\" class=\"wp-block-woocommerce-cart-order-summary-fee-block\"><\/div>\n<div data-block-name=\"woocommerce\/cart-order-summary-shipping-block\" class=\"wp-block-woocommerce-cart-order-summary-shipping-block\"><\/div>\n<div data-block-name=\"woocommerce\/cart-order-summary-taxes-block\" class=\"wp-block-woocommerce-cart-order-summary-taxes-block\"><\/div><\/div><\/div>\n\n<div data-block-name=\"woocommerce\/cart-express-payment-block\" class=\"wp-block-woocommerce-cart-express-payment-block\"><\/div>\n\n<div data-block-name=\"woocommerce\/proceed-to-checkout-block\" class=\"wp-block-woocommerce-proceed-to-checkout-block\"><\/div>\n\n<div data-block-name=\"woocommerce\/cart-accepted-payment-methods-block\" class=\"wp-block-woocommerce-cart-accepted-payment-methods-block\"><\/div><\/div><\/div>\n\n<div data-block-name=\"woocommerce\/empty-cart-block\" class=\"wp-block-woocommerce-empty-cart-block\"><h2 class=\"wp-block-heading has-text-align-center with-empty-cart-icon wc-block-cart__empty-cart__title\">Gi\u1ecf h\u00e0ng hi\u1ec7n t\u1ea1i ch\u01b0a c\u00f3 s\u1ea3n ph\u1ea9m n\u00e0o!<\/h2>\n\n<hr class=\"wp-block-separator has-alpha-channel-opacity is-style-dots\"\/>\n\n<h2 class=\"wp-block-heading has-text-align-center\">M\u1edbi trong c\u1eeda h\u00e0ng<\/h2>\n\n<div data-block-name=\"woocommerce\/product-new\" data-columns=\"4\" data-rows=\"1\" class=\"wc-block-grid wp-block-product-new wp-block-woocommerce-product-new wc-block-product-new has-4-columns\"><ul class=\"wc-block-grid__products\"><li class=\"wc-block-grid__product\"><div\n\tclass=\"wlfmc-add-to-wishlist wlfmc-add-to-wishlist-2596  wlfmc-loop-btn wlfmc_position_image_top_right wlfmc-btn-type-icon wlfmc-top-of-image image_top_right show-remove-after-add \"\n\tdata-remove-url=\"?remove_from_wishlist=#product_id\"\n\tdata-add-url=\"?add_to_wishlist=#product_id\"\n\tdata-enable-outofstock=\"1\"\n\tdata-popup-id=\"\"\n>\n\t\n\t\t\t\t\t\t<!-- ADD TO WISHLIST -->\n\t\t<div class=\"wlfmc-add-button  wlfmc-addtowishlist  wlfmc-tooltip wlfmc-tooltip-top\"\n\t\t\tdata-tooltip-text=\"Add To Wishlist\"\n\t\t\tdata-tooltip-type=\"default\">\n\t\t\t<a\n\t\t\t\thref=\"#\" rel=\"nofollow\"\n\t\t\t\taria-label=\"Add to wishlist\"\t\t\t\tdata-product-id=\"2596\"\n\t\t\t\tdata-product-type=\"simple\"\n\t\t\t\tdata-parent-product-id=\"2596\"\n\t\t\t\tdata-e-disable-page-transition\n\t\t\t\tclass=\"wlfmc_add_to_wishlist wlfmc-custom-btn alt \">\n\t\t\t\t<i class=\"wlfmc-icon-heart-regular-2\"><\/i>\t\t\t<\/a>\n\t\t<\/div>\n\t\t\t\t\t<!-- REMOVE FROM WISHLIST -->\n\t\t\t<div class=\"wlfmc-add-button  wlfmc-removefromwishlist  wlfmc-tooltip wlfmc-tooltip-top\"\n\t\t\t\tdata-tooltip-type=\"default\"\n\t\t\t\tdata-tooltip-text=\"Remove From Wishlist\">\n\t\t\t\t<a\n\t\t\t\t\thref=\"#\" rel=\"nofollow\"\n\t\t\t\t\tdata-wishlist-id=\"\"\n\t\t\t\t\tdata-item-id=\"\"\n\t\t\t\t\taria-label=\"Remove from wishlist\"\t\t\t\t\tdata-product-id=\"2596\"\n\t\t\t\t\tdata-product-type=\"simple\"\n\t\t\t\t\tdata-parent-product-id=\"2596\"\n\t\t\t\t\tdata-e-disable-page-transition\n\t\t\t\t\tclass=\"wlfmc_delete_item  wlfmc-custom-btn alt \">\n\t\t\t\t\t<i class=\"wlfmc-icon-heart-regular-2-o\"><\/i>\t\t\t\t<\/a>\n\t\t\t<\/div>\n\t\t\t\t\n\t\n<\/div>\n<a href=\"https:\/\/kproz.id.vn\/?product=flycam-sjrc-f22-s3-pro-gimbal-3-truc-camera-4k-moi-nhat-2024\" class=\"wc-block-grid__product-link\"><div class=\"wc-block-grid__product-image\"><img fetchpriority=\"high\" decoding=\"async\" width=\"247\" height=\"296\" src=\"https:\/\/kproz.id.vn\/wp-content\/uploads\/2025\/06\/fl11-247x296.avif\" class=\"attachment-woocommerce_thumbnail size-woocommerce_thumbnail\" alt=\"Flycam SJRC F22 S3 Pro Gimbal 3 Tr\u1ee5c Camera 4K m\u1edbi nh\u1ea5t 2024\" \/><\/div> <div class=\"wc-block-grid__product-title\">Flycam SJRC F22 S3 Pro Gimbal 3 Tr\u1ee5c Camera 4K m\u1edbi nh\u1ea5t 2024<\/div><\/a><div class=\"wc-block-grid__product-onsale\">\n\t\t\t<span aria-hidden=\"true\">Khuy\u1ebfn m\u1ea1i<\/span>\n\t\t\t<span class=\"screen-reader-text\">S\u1ea3n ph\u1ea9m \u0111ang gi\u1ea3m gi\u00e1<\/span>\n\t\t<\/div><div class=\"wc-block-grid__product-price price\"><del aria-hidden=\"true\"><span class=\"woocommerce-Price-amount amount\">6.100.000&nbsp;<span class=\"woocommerce-Price-currencySymbol\">&#8363;<\/span><\/span><\/del> <span class=\"screen-reader-text\">Gi\u00e1 g\u1ed1c l\u00e0: 6.100.000&nbsp;&#8363;.<\/span><ins aria-hidden=\"true\"><span class=\"woocommerce-Price-amount amount\">5.500.000&nbsp;<span class=\"woocommerce-Price-currencySymbol\">&#8363;<\/span><\/span><\/ins><span class=\"screen-reader-text\">Gi\u00e1 hi\u1ec7n t\u1ea1i l\u00e0: 5.500.000&nbsp;&#8363;.<\/span><\/div><div class=\"wp-block-button wc-block-grid__product-add-to-cart\"><a href=\"?add-to-cart=2596\" aria-label=\"Th\u00eam v\u00e0o gi\u1ecf h\u00e0ng: &ldquo;Flycam SJRC F22 S3 Pro Gimbal 3 Tr\u1ee5c Camera 4K m\u1edbi nh\u1ea5t 2024&rdquo;\" data-quantity=\"1\" data-product_id=\"2596\" data-product_sku=\"\" data-price=\"5500000\" rel=\"nofollow\" class=\"wp-block-button__link  add_to_cart_button ajax_add_to_cart\">Th\u00eam v\u00e0o gi\u1ecf h\u00e0ng<\/a><\/div><\/li><li class=\"wc-block-grid__product\"><div\n\tclass=\"wlfmc-add-to-wishlist wlfmc-add-to-wishlist-2594  wlfmc-loop-btn wlfmc_position_image_top_right wlfmc-btn-type-icon wlfmc-top-of-image image_top_right show-remove-after-add \"\n\tdata-remove-url=\"?remove_from_wishlist=#product_id\"\n\tdata-add-url=\"?add_to_wishlist=#product_id\"\n\tdata-enable-outofstock=\"1\"\n\tdata-popup-id=\"\"\n>\n\t\n\t\t\t\t\t\t<!-- ADD TO WISHLIST -->\n\t\t<div class=\"wlfmc-add-button  wlfmc-addtowishlist  wlfmc-tooltip wlfmc-tooltip-top\"\n\t\t\tdata-tooltip-text=\"Add To Wishlist\"\n\t\t\tdata-tooltip-type=\"default\">\n\t\t\t<a\n\t\t\t\thref=\"#\" rel=\"nofollow\"\n\t\t\t\taria-label=\"Add to wishlist\"\t\t\t\tdata-product-id=\"2594\"\n\t\t\t\tdata-product-type=\"simple\"\n\t\t\t\tdata-parent-product-id=\"2594\"\n\t\t\t\tdata-e-disable-page-transition\n\t\t\t\tclass=\"wlfmc_add_to_wishlist wlfmc-custom-btn alt \">\n\t\t\t\t<i class=\"wlfmc-icon-heart-regular-2\"><\/i>\t\t\t<\/a>\n\t\t<\/div>\n\t\t\t\t\t<!-- REMOVE FROM WISHLIST -->\n\t\t\t<div class=\"wlfmc-add-button  wlfmc-removefromwishlist  wlfmc-tooltip wlfmc-tooltip-top\"\n\t\t\t\tdata-tooltip-type=\"default\"\n\t\t\t\tdata-tooltip-text=\"Remove From Wishlist\">\n\t\t\t\t<a\n\t\t\t\t\thref=\"#\" rel=\"nofollow\"\n\t\t\t\t\tdata-wishlist-id=\"\"\n\t\t\t\t\tdata-item-id=\"\"\n\t\t\t\t\taria-label=\"Remove from wishlist\"\t\t\t\t\tdata-product-id=\"2594\"\n\t\t\t\t\tdata-product-type=\"simple\"\n\t\t\t\t\tdata-parent-product-id=\"2594\"\n\t\t\t\t\tdata-e-disable-page-transition\n\t\t\t\t\tclass=\"wlfmc_delete_item  wlfmc-custom-btn alt \">\n\t\t\t\t\t<i class=\"wlfmc-icon-heart-regular-2-o\"><\/i>\t\t\t\t<\/a>\n\t\t\t<\/div>\n\t\t\t\t\n\t\n<\/div>\n<a href=\"https:\/\/kproz.id.vn\/?product=2594\" class=\"wc-block-grid__product-link\"><div class=\"wc-block-grid__product-image\"><img decoding=\"async\" width=\"247\" height=\"296\" src=\"https:\/\/kproz.id.vn\/wp-content\/uploads\/2025\/06\/fl10-247x296.jpg\" class=\"attachment-woocommerce_thumbnail size-woocommerce_thumbnail\" alt=\"Flycam C - Fly Faith Mini 2 camera 4K gimbal 3 tr\u1ee5c \u2013 bay 5Km\" \/><\/div> <div class=\"wc-block-grid__product-title\">Flycam C &#8211; Fly Faith Mini 2 camera 4K gimbal 3 tr\u1ee5c \u2013 bay 5Km<\/div><\/a><div class=\"wc-block-grid__product-onsale\">\n\t\t\t<span aria-hidden=\"true\">Khuy\u1ebfn m\u1ea1i<\/span>\n\t\t\t<span class=\"screen-reader-text\">S\u1ea3n ph\u1ea9m \u0111ang gi\u1ea3m gi\u00e1<\/span>\n\t\t<\/div><div class=\"wc-block-grid__product-price price\"><del aria-hidden=\"true\"><span class=\"woocommerce-Price-amount amount\">5.100.000&nbsp;<span class=\"woocommerce-Price-currencySymbol\">&#8363;<\/span><\/span><\/del> <span class=\"screen-reader-text\">Gi\u00e1 g\u1ed1c l\u00e0: 5.100.000&nbsp;&#8363;.<\/span><ins aria-hidden=\"true\"><span class=\"woocommerce-Price-amount amount\">4.900.000&nbsp;<span class=\"woocommerce-Price-currencySymbol\">&#8363;<\/span><\/span><\/ins><span class=\"screen-reader-text\">Gi\u00e1 hi\u1ec7n t\u1ea1i l\u00e0: 4.900.000&nbsp;&#8363;.<\/span><\/div><div class=\"wp-block-button wc-block-grid__product-add-to-cart\"><a href=\"?add-to-cart=2594\" aria-label=\"Th\u00eam v\u00e0o gi\u1ecf h\u00e0ng: &ldquo;Flycam C - Fly Faith Mini 2 camera 4K gimbal 3 tr\u1ee5c \u2013 bay 5Km&rdquo;\" data-quantity=\"1\" data-product_id=\"2594\" data-product_sku=\"\" data-price=\"4900000\" rel=\"nofollow\" class=\"wp-block-button__link  add_to_cart_button ajax_add_to_cart\">Th\u00eam v\u00e0o gi\u1ecf h\u00e0ng<\/a><\/div><\/li><li class=\"wc-block-grid__product\"><div\n\tclass=\"wlfmc-add-to-wishlist wlfmc-add-to-wishlist-2568  wlfmc-loop-btn wlfmc_position_image_top_right wlfmc-btn-type-icon wlfmc-top-of-image image_top_right show-remove-after-add \"\n\tdata-remove-url=\"?remove_from_wishlist=#product_id\"\n\tdata-add-url=\"?add_to_wishlist=#product_id\"\n\tdata-enable-outofstock=\"1\"\n\tdata-popup-id=\"\"\n>\n\t\n\t\t\t\t\t\t<!-- ADD TO WISHLIST -->\n\t\t<div class=\"wlfmc-add-button  wlfmc-addtowishlist  wlfmc-tooltip wlfmc-tooltip-top\"\n\t\t\tdata-tooltip-text=\"Add To Wishlist\"\n\t\t\tdata-tooltip-type=\"default\">\n\t\t\t<a\n\t\t\t\thref=\"#\" rel=\"nofollow\"\n\t\t\t\taria-label=\"Add to wishlist\"\t\t\t\tdata-product-id=\"2568\"\n\t\t\t\tdata-product-type=\"simple\"\n\t\t\t\tdata-parent-product-id=\"2568\"\n\t\t\t\tdata-e-disable-page-transition\n\t\t\t\tclass=\"wlfmc_add_to_wishlist wlfmc-custom-btn alt \">\n\t\t\t\t<i class=\"wlfmc-icon-heart-regular-2\"><\/i>\t\t\t<\/a>\n\t\t<\/div>\n\t\t\t\t\t<!-- REMOVE FROM WISHLIST -->\n\t\t\t<div class=\"wlfmc-add-button  wlfmc-removefromwishlist  wlfmc-tooltip wlfmc-tooltip-top\"\n\t\t\t\tdata-tooltip-type=\"default\"\n\t\t\t\tdata-tooltip-text=\"Remove From Wishlist\">\n\t\t\t\t<a\n\t\t\t\t\thref=\"#\" rel=\"nofollow\"\n\t\t\t\t\tdata-wishlist-id=\"\"\n\t\t\t\t\tdata-item-id=\"\"\n\t\t\t\t\taria-label=\"Remove from wishlist\"\t\t\t\t\tdata-product-id=\"2568\"\n\t\t\t\t\tdata-product-type=\"simple\"\n\t\t\t\t\tdata-parent-product-id=\"2568\"\n\t\t\t\t\tdata-e-disable-page-transition\n\t\t\t\t\tclass=\"wlfmc_delete_item  wlfmc-custom-btn alt \">\n\t\t\t\t\t<i class=\"wlfmc-icon-heart-regular-2-o\"><\/i>\t\t\t\t<\/a>\n\t\t\t<\/div>\n\t\t\t\t\n\t\n<\/div>\n<a href=\"https:\/\/kproz.id.vn\/?product=cano-sr65-dieu-khien-tu-xa\" class=\"wc-block-grid__product-link\"><div class=\"wc-block-grid__product-image\"><img decoding=\"async\" width=\"247\" height=\"296\" src=\"https:\/\/kproz.id.vn\/wp-content\/uploads\/2025\/05\/cn2-247x296.jpg\" class=\"attachment-woocommerce_thumbnail size-woocommerce_thumbnail\" alt=\"Cano SR65 \u0111i\u00ea\u0300u khi\u00ea\u0309n t\u1eeb xa\" \/><\/div> <div class=\"wc-block-grid__product-title\">Cano SR65 \u0111i\u00ea\u0300u khi\u00ea\u0309n t\u1eeb xa<\/div><\/a><div class=\"wc-block-grid__product-onsale\">\n\t\t\t<span aria-hidden=\"true\">Khuy\u1ebfn m\u1ea1i<\/span>\n\t\t\t<span class=\"screen-reader-text\">S\u1ea3n ph\u1ea9m \u0111ang gi\u1ea3m gi\u00e1<\/span>\n\t\t<\/div><div class=\"wc-block-grid__product-price price\"><del aria-hidden=\"true\"><span class=\"woocommerce-Price-amount amount\">2.150.000&nbsp;<span class=\"woocommerce-Price-currencySymbol\">&#8363;<\/span><\/span><\/del> <span class=\"screen-reader-text\">Gi\u00e1 g\u1ed1c l\u00e0: 2.150.000&nbsp;&#8363;.<\/span><ins aria-hidden=\"true\"><span class=\"woocommerce-Price-amount amount\">1.950.000&nbsp;<span class=\"woocommerce-Price-currencySymbol\">&#8363;<\/span><\/span><\/ins><span class=\"screen-reader-text\">Gi\u00e1 hi\u1ec7n t\u1ea1i l\u00e0: 1.950.000&nbsp;&#8363;.<\/span><\/div><div class=\"wp-block-button wc-block-grid__product-add-to-cart\"><a href=\"?add-to-cart=2568\" aria-label=\"Th\u00eam v\u00e0o gi\u1ecf h\u00e0ng: &ldquo;Cano SR65 \u0111i\u00ea\u0300u khi\u00ea\u0309n t\u1eeb xa&rdquo;\" data-quantity=\"1\" data-product_id=\"2568\" data-product_sku=\"\" data-price=\"1950000\" rel=\"nofollow\" class=\"wp-block-button__link  add_to_cart_button ajax_add_to_cart\">Th\u00eam v\u00e0o gi\u1ecf h\u00e0ng<\/a><\/div><\/li><li class=\"wc-block-grid__product\"><div\n\tclass=\"wlfmc-add-to-wishlist wlfmc-add-to-wishlist-2566  wlfmc-loop-btn wlfmc_position_image_top_right wlfmc-btn-type-icon wlfmc-top-of-image image_top_right show-remove-after-add \"\n\tdata-remove-url=\"?remove_from_wishlist=#product_id\"\n\tdata-add-url=\"?add_to_wishlist=#product_id\"\n\tdata-enable-outofstock=\"1\"\n\tdata-popup-id=\"\"\n>\n\t\n\t\t\t\t\t\t<!-- ADD TO WISHLIST -->\n\t\t<div class=\"wlfmc-add-button  wlfmc-addtowishlist  wlfmc-tooltip wlfmc-tooltip-top\"\n\t\t\tdata-tooltip-text=\"Add To Wishlist\"\n\t\t\tdata-tooltip-type=\"default\">\n\t\t\t<a\n\t\t\t\thref=\"#\" rel=\"nofollow\"\n\t\t\t\taria-label=\"Add to wishlist\"\t\t\t\tdata-product-id=\"2566\"\n\t\t\t\tdata-product-type=\"simple\"\n\t\t\t\tdata-parent-product-id=\"2566\"\n\t\t\t\tdata-e-disable-page-transition\n\t\t\t\tclass=\"wlfmc_add_to_wishlist wlfmc-custom-btn alt \">\n\t\t\t\t<i class=\"wlfmc-icon-heart-regular-2\"><\/i>\t\t\t<\/a>\n\t\t<\/div>\n\t\t\t\t\t<!-- REMOVE FROM WISHLIST -->\n\t\t\t<div class=\"wlfmc-add-button  wlfmc-removefromwishlist  wlfmc-tooltip wlfmc-tooltip-top\"\n\t\t\t\tdata-tooltip-type=\"default\"\n\t\t\t\tdata-tooltip-text=\"Remove From Wishlist\">\n\t\t\t\t<a\n\t\t\t\t\thref=\"#\" rel=\"nofollow\"\n\t\t\t\t\tdata-wishlist-id=\"\"\n\t\t\t\t\tdata-item-id=\"\"\n\t\t\t\t\taria-label=\"Remove from wishlist\"\t\t\t\t\tdata-product-id=\"2566\"\n\t\t\t\t\tdata-product-type=\"simple\"\n\t\t\t\t\tdata-parent-product-id=\"2566\"\n\t\t\t\t\tdata-e-disable-page-transition\n\t\t\t\t\tclass=\"wlfmc_delete_item  wlfmc-custom-btn alt \">\n\t\t\t\t\t<i class=\"wlfmc-icon-heart-regular-2-o\"><\/i>\t\t\t\t<\/a>\n\t\t\t<\/div>\n\t\t\t\t\n\t\n<\/div>\n<a href=\"https:\/\/kproz.id.vn\/?product=raptor-speed\" class=\"wc-block-grid__product-link\"><div class=\"wc-block-grid__product-image\"><img loading=\"lazy\" decoding=\"async\" width=\"247\" height=\"225\" src=\"https:\/\/kproz.id.vn\/wp-content\/uploads\/2025\/05\/cn1-247x225.jpg\" class=\"attachment-woocommerce_thumbnail size-woocommerce_thumbnail\" alt=\"RAPTOR Speed\" \/><\/div> <div class=\"wc-block-grid__product-title\">RAPTOR Speed<\/div><\/a><div class=\"wc-block-grid__product-onsale\">\n\t\t\t<span aria-hidden=\"true\">Khuy\u1ebfn m\u1ea1i<\/span>\n\t\t\t<span class=\"screen-reader-text\">S\u1ea3n ph\u1ea9m \u0111ang gi\u1ea3m gi\u00e1<\/span>\n\t\t<\/div><div class=\"wc-block-grid__product-price price\"><del aria-hidden=\"true\"><span class=\"woocommerce-Price-amount amount\">19.800.000&nbsp;<span class=\"woocommerce-Price-currencySymbol\">&#8363;<\/span><\/span><\/del> <span class=\"screen-reader-text\">Gi\u00e1 g\u1ed1c l\u00e0: 19.800.000&nbsp;&#8363;.<\/span><ins aria-hidden=\"true\"><span class=\"woocommerce-Price-amount amount\">17.600.000&nbsp;<span class=\"woocommerce-Price-currencySymbol\">&#8363;<\/span><\/span><\/ins><span class=\"screen-reader-text\">Gi\u00e1 hi\u1ec7n t\u1ea1i l\u00e0: 17.600.000&nbsp;&#8363;.<\/span><\/div><div class=\"wp-block-button wc-block-grid__product-add-to-cart\"><a href=\"?add-to-cart=2566\" aria-label=\"Th\u00eam v\u00e0o gi\u1ecf h\u00e0ng: &ldquo;RAPTOR Speed&rdquo;\" data-quantity=\"1\" data-product_id=\"2566\" data-product_sku=\"\" data-price=\"17600000\" rel=\"nofollow\" class=\"wp-block-button__link  add_to_cart_button ajax_add_to_cart\">Th\u00eam v\u00e0o gi\u1ecf h\u00e0ng<\/a><\/div><\/li><\/ul><\/div><\/div><\/div>","protected":false},"excerpt":{"rendered":"","protected":false},"author":1,"featured_media":0,"parent":0,"menu_order":0,"comment_status":"closed","ping_status":"closed","template":"","meta":{"om_disable_all_campaigns":false,"_uag_custom_page_level_css":"","_monsterinsights_skip_tracking":false,"_monsterinsights_sitenote_active":false,"_monsterinsights_sitenote_note":"","_monsterinsights_sitenote_category":0,"_uf_show_specific_survey":0,"_uf_disable_surveys":false,"footnotes":""},"class_list":["post-2354","page","type-page","status-publish","hentry"],"aioseo_notices":[],"uagb_featured_image_src":{"full":false,"thumbnail":false,"medium":false,"medium_large":false,"large":false,"1536x1536":false,"2048x2048":false,"woocommerce_thumbnail":false,"woocommerce_single":false,"woocommerce_gallery_thumbnail":false},"uagb_author_info":{"display_name":"admin","author_link":"https:\/\/kproz.id.vn\/?author=1"},"uagb_comment_info":0,"uagb_excerpt":null,"_links":{"self":[{"href":"https:\/\/kproz.id.vn\/index.php?rest_route=\/wp\/v2\/pages\/2354","targetHints":{"allow":["GET"]}}],"collection":[{"href":"https:\/\/kproz.id.vn\/index.php?rest_route=\/wp\/v2\/pages"}],"about":[{"href":"https:\/\/kproz.id.vn\/index.php?rest_route=\/wp\/v2\/types\/page"}],"author":[{"embeddable":true,"href":"https:\/\/kproz.id.vn\/index.php?rest_route=\/wp\/v2\/users\/1"}],"replies":[{"embeddable":true,"href":"https:\/\/kproz.id.vn\/index.php?rest_route=%2Fwp%2Fv2%2Fcomments&post=2354"}],"version-history":[{"count":1,"href":"https:\/\/kproz.id.vn\/index.php?rest_route=\/wp\/v2\/pages\/2354\/revisions"}],"predecessor-version":[{"id":2516,"href":"https:\/\/kproz.id.vn\/index.php?rest_route=\/wp\/v2\/pages\/2354\/revisions\/2516"}],"wp:attachment":[{"href":"https:\/\/kproz.id.vn\/index.php?rest_route=%2Fwp%2Fv2%2Fmedia&parent=2354"}],"curies":[{"name":"wp","href":"https:\/\/api.w.org\/{rel}","templated":true}]}}