{"id":1869,"date":"2024-10-29T11:50:28","date_gmt":"2024-10-29T04:50:28","guid":{"rendered":"https:\/\/kproz.id.vn\/profiles\/about\/"},"modified":"2025-05-31T23:40:52","modified_gmt":"2025-05-31T16:40:52","slug":"about","status":"publish","type":"page","link":"https:\/\/kproz.id.vn\/?page_id=1869","title":{"rendered":"Kproz"},"content":{"rendered":"\t\t<div data-elementor-type=\"wp-page\" data-elementor-id=\"1869\" class=\"elementor elementor-1869\">\n\t\t\t\t<div class=\"elementor-element elementor-element-814281a e-flex e-con-boxed e-con e-parent\" data-id=\"814281a\" data-element_type=\"container\">\n\t\t\t\t\t<div class=\"e-con-inner\">\n\t\t<div class=\"elementor-element elementor-element-11a71d2 e-con-full e-grid e-con e-child\" data-id=\"11a71d2\" data-element_type=\"container\">\n\t\t\t\t<div class=\"elementor-element elementor-element-1b59115 elementor-widget elementor-widget-image\" data-id=\"1b59115\" data-element_type=\"widget\" data-widget_type=\"image.default\">\n\t\t\t\t<div class=\"elementor-widget-container\">\n\t\t\t\t\t\t\t\t\t\t\t\t\t\t\t<img fetchpriority=\"high\" decoding=\"async\" width=\"576\" height=\"1024\" src=\"https:\/\/kproz.id.vn\/wp-content\/uploads\/2025\/05\/z6659311277196_19fd92a39b348e93f596056d447d0c64-576x1024.jpg\" class=\"attachment-large size-large wp-image-2573\" alt=\"\" srcset=\"https:\/\/kproz.id.vn\/wp-content\/uploads\/2025\/05\/z6659311277196_19fd92a39b348e93f596056d447d0c64-576x1024.jpg 576w, https:\/\/kproz.id.vn\/wp-content\/uploads\/2025\/05\/z6659311277196_19fd92a39b348e93f596056d447d0c64-169x300.jpg 169w, https:\/\/kproz.id.vn\/wp-content\/uploads\/2025\/05\/z6659311277196_19fd92a39b348e93f596056d447d0c64-768x1366.jpg 768w, https:\/\/kproz.id.vn\/wp-content\/uploads\/2025\/05\/z6659311277196_19fd92a39b348e93f596056d447d0c64-863x1536.jpg 863w, https:\/\/kproz.id.vn\/wp-content\/uploads\/2025\/05\/z6659311277196_19fd92a39b348e93f596056d447d0c64-1151x2048.jpg 1151w, https:\/\/kproz.id.vn\/wp-content\/uploads\/2025\/05\/z6659311277196_19fd92a39b348e93f596056d447d0c64-510x907.jpg 510w, https:\/\/kproz.id.vn\/wp-content\/uploads\/2025\/05\/z6659311277196_19fd92a39b348e93f596056d447d0c64.jpg 1438w\" sizes=\"(max-width: 576px) 100vw, 576px\" \/>\t\t\t\t\t\t\t\t\t\t\t\t\t\t\t<\/div>\n\t\t\t\t<\/div>\n\t\t\t\t<div class=\"elementor-element elementor-element-9fb795f elementor-widget elementor-widget-heading\" data-id=\"9fb795f\" data-element_type=\"widget\" data-widget_type=\"heading.default\">\n\t\t\t\t<div class=\"elementor-widget-container\">\n\t\t\t\t\t<h3 class=\"elementor-heading-title elementor-size-default\">H\u1ecd v\u00e0 t\u00ean: D\u01b0\u01a1ng Quang Khi\u00eam<br>\nN\u0103m sinh: 2003\n<br>Tr\u00ecnh \u0111\u1ed9 h\u1ecdc v\u1ea5n: C\u1eed Nh\u00e2n C\u00f4ng ngh\u1ec7 Th\u00f4ng tin \u2013 \u0110\u1ea1i h\u1ecdc Nam C\u1ea7n Th\u01a1<br>\ud83d\udd39 K\u1ef9 n\u0103ng:<br>\n\nTh\u00e0nh th\u1ea1o HTML, CSS, JavaScript, React\n<br>\nK\u1ef9 n\u0103ng l\u00e0m vi\u1ec7c nh\u00f3m, qu\u1ea3n l\u00fd th\u1eddi gian, gi\u1ea3i quy\u1ebft v\u1ea5n \u0111\u1ec1<br>\n\ud83d\udd39 S\u1edf th\u00edch:\n\nT\u00ecm hi\u1ec3u c\u00f4ng ngh\u1ec7 m\u1edbi, \u0111\u1ecdc s\u00e1ch ph\u00e1t tri\u1ec3n b\u1ea3n th\u00e2n\n\nDu l\u1ecbch v\u00e0 ch\u1ee5p \u1ea3nh<br>\n\ud83d\udd39 \u0110\u1ecbnh h\u01b0\u1edbng ph\u00e1t tri\u1ec3n:<br>\n\nTr\u1edf th\u00e0nh m\u1ed9t l\u1eadp tr\u00ecnh vi\u00ean fullstack\n\n\u0110\u00f3ng g\u00f3p v\u00e0o c\u00e1c s\u1ea3n ph\u1ea9m c\u00f3 t\u00e1c \u0111\u1ed9ng th\u1ef1c t\u1ebf \u0111\u1ebfn ng\u01b0\u1eddi d\u00f9ng<br><br>K\u1ebft N\u1ed1i V\u1edbi T\u00f4i Qua ZaLo:0345556401<br>xin c\u1ea3m \u01a1n!!!<\/h3>\t\t\t\t<\/div>\n\t\t\t\t<\/div>\n\t\t\t\t<\/div>\n\t\t\t\t\t<\/div>\n\t\t\t\t<\/div>\n\t\t\t\t<\/div>\n\t\t","protected":false},"excerpt":{"rendered":"<p>H\u1ecd v\u00e0 t\u00ean: D\u01b0\u01a1ng Quang Khi\u00eam N\u0103m sinh: 2003 Tr\u00ecnh \u0111\u1ed9 h\u1ecdc v\u1ea5n: C\u1eed Nh\u00e2n C\u00f4ng ngh\u1ec7 Th\u00f4ng tin \u2013 \u0110\u1ea1i h\u1ecdc Nam C\u1ea7n Th\u01a1\ud83d\udd39 K\u1ef9 n\u0103ng: Th\u00e0nh th\u1ea1o HTML, CSS, JavaScript, React K\u1ef9 n\u0103ng l\u00e0m vi\u1ec7c nh\u00f3m, qu\u1ea3n l\u00fd th\u1eddi gian, gi\u1ea3i quy\u1ebft v\u1ea5n \u0111\u1ec1 \ud83d\udd39 S\u1edf th\u00edch: T\u00ecm hi\u1ec3u c\u00f4ng ngh\u1ec7 m\u1edbi, \u0111\u1ecdc [&#8230;]\n","protected":false},"author":1,"featured_media":0,"parent":0,"menu_order":0,"comment_status":"closed","ping_status":"closed","template":"","meta":{"om_disable_all_campaigns":false,"_uag_custom_page_level_css":"","_monsterinsights_skip_tracking":false,"_monsterinsights_sitenote_active":false,"_monsterinsights_sitenote_note":"","_monsterinsights_sitenote_category":0,"_uf_show_specific_survey":0,"_uf_disable_surveys":false,"footnotes":""},"class_list":["post-1869","page","type-page","status-publish","hentry"],"aioseo_notices":[],"uagb_featured_image_src":{"full":false,"thumbnail":false,"medium":false,"medium_large":false,"large":false,"1536x1536":false,"2048x2048":false,"woocommerce_thumbnail":false,"woocommerce_single":false,"woocommerce_gallery_thumbnail":false},"uagb_author_info":{"display_name":"admin","author_link":"https:\/\/kproz.id.vn\/?author=1"},"uagb_comment_info":0,"uagb_excerpt":"H\u1ecd v\u00e0 t\u00ean: D\u01b0\u01a1ng Quang Khi\u00eam N\u0103m sinh: 2003 Tr\u00ecnh \u0111\u1ed9 h\u1ecdc v\u1ea5n: C\u1eed Nh\u00e2n C\u00f4ng ngh\u1ec7 Th\u00f4ng tin \u2013 \u0110\u1ea1i h\u1ecdc Nam C\u1ea7n Th\u01a1\ud83d\udd39 K\u1ef9 n\u0103ng: Th\u00e0nh th\u1ea1o HTML, CSS, JavaScript, React K\u1ef9 n\u0103ng l\u00e0m vi\u1ec7c nh\u00f3m, qu\u1ea3n l\u00fd th\u1eddi gian, gi\u1ea3i quy\u1ebft v\u1ea5n \u0111\u1ec1 \ud83d\udd39 S\u1edf th\u00edch: T\u00ecm hi\u1ec3u c\u00f4ng ngh\u1ec7 m\u1edbi, \u0111\u1ecdc&hellip;","_links":{"self":[{"href":"https:\/\/kproz.id.vn\/index.php?rest_route=\/wp\/v2\/pages\/1869","targetHints":{"allow":["GET"]}}],"collection":[{"href":"https:\/\/kproz.id.vn\/index.php?rest_route=\/wp\/v2\/pages"}],"about":[{"href":"https:\/\/kproz.id.vn\/index.php?rest_route=\/wp\/v2\/types\/page"}],"author":[{"embeddable":true,"href":"https:\/\/kproz.id.vn\/index.php?rest_route=\/wp\/v2\/users\/1"}],"replies":[{"embeddable":true,"href":"https:\/\/kproz.id.vn\/index.php?rest_route=%2Fwp%2Fv2%2Fcomments&post=1869"}],"version-history":[{"count":68,"href":"https:\/\/kproz.id.vn\/index.php?rest_route=\/wp\/v2\/pages\/1869\/revisions"}],"predecessor-version":[{"id":2587,"href":"https:\/\/kproz.id.vn\/index.php?rest_route=\/wp\/v2\/pages\/1869\/revisions\/2587"}],"wp:attachment":[{"href":"https:\/\/kproz.id.vn\/index.php?rest_route=%2Fwp%2Fv2%2Fmedia&parent=1869"}],"curies":[{"name":"wp","href":"https:\/\/api.w.org\/{rel}","templated":true}]}}